{"id":13092,"date":"2020-12-23T10:30:42","date_gmt":"2020-12-23T09:30:42","guid":{"rendered":"https:\/\/empiezapori.com\/disseny-grafic\/disseny-editorial-i-catalegs\/sincronitzacio-botiga-online-prestashop-a-cataleg-en-paper\/"},"modified":"2022-01-26T16:49:20","modified_gmt":"2022-01-26T15:49:20","slug":"sincronitzacio-botiga-online-prestashop-a-cataleg-en-paper","status":"publish","type":"page","link":"https:\/\/empiezapori.com\/ca\/disseny-grafic\/disseny-editorial-i-catalegs\/sincronitzacio-botiga-online-prestashop-a-cataleg-en-paper\/","title":{"rendered":"Sincronitzaci\u00f3 botiga online Prestashop a cat\u00e0leg en paper"},"content":{"rendered":"\n<div class=\"wp-block-columns is-layout-flex wp-container-core-columns-is-layout-28f84493 wp-block-columns-is-layout-flex\">\n<div class=\"wp-block-column is-layout-flow wp-block-column-is-layout-flow\">\n<div class=\"wp-block-image\"><figure class=\"alignleft size-large is-resized\"><img decoding=\"async\" src=\"http:\/\/empiezapori.es\/wp-content\/uploads\/2020\/09\/ico-editorial-y-catalogos.svg\" alt=\"Disseny editorial i cat&#xE0;legs\" class=\"wp-image-5257\" width=\"75\" height=\"75\"\/><\/figure><\/div>\n\n\n\n<p>Usar la sincronitzaci\u00f3 botiga online Prestashop a cat\u00e0leg, et pot estalviar molt de temps i molta feina. Traspassem la teva botiga en l\u00ednia a un cat\u00e0leg per a impremta, o pdf mitjan\u00e7ant XML. Extraiem les dades del teu Prestashop i les preparem per treballar-les a Adobe Indesign. <a href=\"https:\/\/empiezapori.es\/diseno-web\/prestashop\/\"><em>Si encara no tens la botiga en l\u00ednia visita aquest enlla\u00e7.<\/em><\/a><\/p>\n\n\n\n<p>En lloc de fer servir un sistema PIM, directament podem treballar des de Prestashop.<\/p>\n<\/div>\n\n\n\n<div class=\"wp-block-column is-layout-flow wp-block-column-is-layout-flow\">\n<blockquote class=\"wp-block-quote is-layout-flow wp-block-quote-is-layout-flow\"><p><em><em>Fem la botiga en l\u00ednia<\/em><\/em> i el cat\u00e0leg per imprimir. Aix\u00f2 s\u00ed que \u00e9s un 2 en 1!<\/p><\/blockquote>\n<\/div>\n<\/div>\n\n<div style=\"height:80px\" aria-hidden=\"true\" class=\"wp-block-spacer\"><\/div>\n\n<div class=\"wp-block-columns is-layout-flex wp-container-core-columns-is-layout-28f84493 wp-block-columns-is-layout-flex\">\n<div class=\"wp-block-column is-layout-flow wp-block-column-is-layout-flow\">\n<h3 class=\"wp-block-heading\">Caracter\u00edstiques<\/h3>\n\n\n\n<ul class=\"wp-block-list\"><li>Preus amb descomptes, aplicats.<\/li><li>Imatges de producte.<\/li><li>Senyalitzaci\u00f3 de novetats i ofertes.<\/li><li>Fitxa t\u00e8cnica completa.<\/li><li>Combinacions d&#8217;atributs amb preus i refer\u00e8ncies personalitzades.<\/li><li>Camps amb icones (p. ex. Colors)<\/li><li>Multi-botiga i multi-idioma.<\/li><li>Packs de productes.<\/li><li>Possibilitat de treballar amb codis EAN.<\/li><li>Treballo a Indesign amb estils d&#8217;objecte, par\u00e0graf, car\u00e0cter, cel\u00b7les i taules, per facilitar els canvis de format.<\/li><li>Compatible amb versions 1.6 i 1.7<\/li><\/ul>\n\n\n<h3 class=\"wp-block-heading\">Avantatges<\/h3>\n\n\n\n<ul class=\"wp-block-list\"><li><strong>Sense plugins addicionals<\/strong> . No utilitzem connectors de tercers.<\/li><li><strong>Dades centralitzades a Prestashop<\/strong> . No cal duplicar la informaci\u00f3, ni recopilar la informaci\u00f3 per lliurar.<\/li><li><strong>Ideal per a actualitzacions de preus<\/strong> . Si vost\u00e8 ja ha modificat els preus a Prestashop, no cal passar m\u00e9s arxius.<\/li><li><strong>M\u00e9s velocitat, menys errors<\/strong> .<\/li><\/ul><\/div>\n\n\n\n<div class=\"wp-block-column is-layout-flow wp-block-column-is-layout-flow\">\n<figure class=\"wp-block-image size-large\"><img alt=\"\" decoding=\"async\" width=\"555\" height=\"382\" src=\"https:\/\/empiezapori.es\/wp-content\/uploads\/2017\/02\/empiezapori-sincronizacion-tienda-online-a-catalogo.jpg\" alt=\"\" class=\"wp-image-3712\" srcset=\"https:\/\/empiezapori.com\/wp-content\/uploads\/2017\/02\/empiezapori-sincronizacion-tienda-online-a-catalogo.jpg 555w, https:\/\/empiezapori.com\/wp-content\/uploads\/2017\/02\/empiezapori-sincronizacion-tienda-online-a-catalogo-300x206.jpg 300w\" sizes=\"(max-width: 555px) 100vw, 555px\" \/><\/figure>\n\n\n<figure class=\"wp-block-image size-large\"><img decoding=\"async\" width=\"555\" height=\"382\" src=\"https:\/\/empiezapori.es\/wp-content\/uploads\/2017\/02\/empiezapori-sincronizacion-tienda-online-a-catalogo-1.jpg\" alt=\"sincronitzaci&#xF3; botiga online Prestashop a cat&#xE0;leg exemple\" class=\"wp-image-1130\" srcset=\"https:\/\/empiezapori.com\/wp-content\/uploads\/2017\/02\/empiezapori-sincronizacion-tienda-online-a-catalogo-1.jpg 555w, https:\/\/empiezapori.com\/wp-content\/uploads\/2017\/02\/empiezapori-sincronizacion-tienda-online-a-catalogo-1-300x206.jpg 300w, https:\/\/empiezapori.com\/wp-content\/uploads\/2017\/02\/empiezapori-sincronizacion-tienda-online-a-catalogo-1-480x330.jpg 480w\" sizes=\"(max-width: 555px) 100vw, 555px\" \/><\/figure><\/div>\n<\/div>\n\n<div style=\"height:80px\" aria-hidden=\"true\" class=\"wp-block-spacer\"><\/div>\n\n<hr class=\"wp-block-separator has-css-opacity alignfull is-style-wide\"\/>\n\n<div class=\"wp-block-uagb-container uagb-block-c1ccc4ad alignfull uagb-is-root-container\"><div class=\"uagb-container-inner-blocks-wrap\">\n<div class=\"wp-block-columns is-layout-flex wp-container-core-columns-is-layout-28f84493 wp-block-columns-is-layout-flex\">\n<div class=\"wp-block-column is-layout-flow wp-block-column-is-layout-flow\">\n<h3 class=\"wp-block-heading\" id=\"contacto\">Contacte<\/h3>\n\n\nVols m\u00e9s informaci\u00f3 sobre Sincronitzaci\u00f3 botiga online Prestashop a cat\u00e0leg en paper?\n\n\n\n<p><\/p><p id=\"block-803feaa3-52f5-47f0-8483-5da7a8b3d8a3\">Contacta amb nosaltres sense comprom\u00eds<br\/>T&#8217;assessorarem personalment<\/p>\n\n\n\n<p>C\/Font 16, local 5<br\/>08960 Sant Just Desvern<br\/>BARCELONA (Spain)<br\/><a href=\"tel:+34934700037\">+34 93 470 00 37<\/a><br\/><a href=\"mailto:info@empiezapori.com\">info@empiezapori.com<\/a><\/p>\n<\/div>\n\n\n\n<div class=\"wp-block-column is-layout-flow wp-block-column-is-layout-flow\">\t\t\t\t<div class = \"wp-block-uagb-cf7-styler uagb-cf7-styler__outer-wrap uagb-block-89c818f6   \">\n\t\t\t\t\t<div class = \"uagb-cf7-styler__align-left uagb-cf7-styler__field-style-underline uagb-cf7-styler__btn-align-left uagb-cf7-styler__btn-align-tablet- uagb-cf7-styler__btn-align-mobile- uagb-cf7-styler__highlight-style-default uagb-cf7-styler__check-style-enabled\">\n\t\t\t\t\t\n<div class=\"wpcf7 no-js\" id=\"wpcf7-f13083-o1\" lang=\"ca\" dir=\"ltr\" data-wpcf7-id=\"13083\">\n<div class=\"screen-reader-response\"><p role=\"status\" aria-live=\"polite\" aria-atomic=\"true\"><\/p> <ul><\/ul><\/div>\n<form action=\"\/ca\/wp-json\/wp\/v2\/pages\/13092#wpcf7-f13083-o1\" method=\"post\" class=\"wpcf7-form init\" aria-label=\"Formulari de contacte\" novalidate=\"novalidate\" data-status=\"init\">\n<fieldset class=\"hidden-fields-container\"><input type=\"hidden\" name=\"_wpcf7\" value=\"13083\" \/><input type=\"hidden\" name=\"_wpcf7_version\" value=\"6.1.5\" \/><input type=\"hidden\" name=\"_wpcf7_locale\" value=\"ca\" \/><input type=\"hidden\" name=\"_wpcf7_unit_tag\" value=\"wpcf7-f13083-o1\" \/><input type=\"hidden\" name=\"_wpcf7_container_post\" value=\"0\" \/><input type=\"hidden\" name=\"_wpcf7_posted_data_hash\" value=\"\" \/><input type=\"hidden\" name=\"_wpcf7_recaptcha_response\" value=\"\" \/>\n<\/fieldset>\n<p><label> Nom*<br \/>\n<span class=\"wpcf7-form-control-wrap\" data-name=\"nombre\"><input size=\"40\" maxlength=\"400\" class=\"wpcf7-form-control wpcf7-text wpcf7-validates-as-required\" aria-required=\"true\" aria-invalid=\"false\" placeholder=\"El teu nom\" value=\"\" type=\"text\" name=\"nombre\" \/><\/span> <\/label>\n<\/p>\n<div class=\"wp-block-columns\">\n\t<div class=\"wp-block-column\">\n\t\t<p><label> Correu electr\u00f2nic*<br \/>\n<span class=\"wpcf7-form-control-wrap\" data-name=\"email\"><input size=\"40\" maxlength=\"400\" class=\"wpcf7-form-control wpcf7-email wpcf7-validates-as-required wpcf7-text wpcf7-validates-as-email\" aria-required=\"true\" aria-invalid=\"false\" placeholder=\"El teu correu\" value=\"\" type=\"email\" name=\"email\" \/><\/span> <\/label>\n\t\t<\/p>\n\t<\/div>\n\t<div class=\"wp-block-column\">\n\t\t<p><label> Tel\u00e8fon*<br \/>\n<span class=\"wpcf7-form-control-wrap\" data-name=\"telefono\"><input size=\"40\" maxlength=\"400\" class=\"wpcf7-form-control wpcf7-tel wpcf7-validates-as-required wpcf7-text wpcf7-validates-as-tel\" aria-required=\"true\" aria-invalid=\"false\" placeholder=\"El teu tel\u00e8fon\" value=\"\" type=\"tel\" name=\"telefono\" \/><\/span> <\/label>\n\t\t<\/p>\n\t<\/div>\n<\/div>\n<p><label> Missatge<br \/>\n<span class=\"wpcf7-form-control-wrap\" data-name=\"mensaje\"><textarea cols=\"40\" rows=\"3\" maxlength=\"2000\" class=\"wpcf7-form-control wpcf7-textarea\" aria-invalid=\"false\" placeholder=\"Escriu aqu\u00ed una breu descripci\u00f3\" name=\"mensaje\"><\/textarea><\/span> <\/label><br \/>\n*Camps obligatoris\n<\/p>\n<p>El registre de la web implica l&#8217;acceptaci\u00f3 del vostre <a href=\"\/aviso-legal\/\" target=\"blank\">Av\u00eds Legal<\/a> .<br \/>\n<span class=\"wpcf7-form-control-wrap\" data-name=\"acepto\"><span class=\"wpcf7-form-control wpcf7-acceptance\"><span class=\"wpcf7-list-item\"><label><input type=\"checkbox\" name=\"acepto\" value=\"1\" aria-invalid=\"false\" \/><span class=\"wpcf7-list-item-label\">S\u00ed, Accepto*<\/span><\/label><\/span><\/span><\/span><br \/>\n<input class=\"wpcf7-form-control wpcf7-submit has-spinner\" type=\"submit\" value=\"Enviar\" \/>\n<\/p><div class=\"wpcf7-response-output\" aria-hidden=\"true\"><\/div>\n<\/form>\n<\/div>\n\t\t\t\t\t<\/div>\n\t\t\t\t<\/div>\n\t\t\t\t<\/div>\n<\/div>\n\n\n\n<p><\/p>\n<\/div><\/div>\n\n<p><\/p>\n","protected":false},"excerpt":{"rendered":"<p>Usar la sincronitzaci\u00f3 botiga online Prestashop a cat\u00e0leg, et pot estalviar molt de temps i molta feina. Traspassem la teva botiga en l\u00ednia a un cat\u00e0leg per a impremta, o pdf mitjan\u00e7ant XML. Extraiem les dades del teu Prestashop i les preparem per treballar-les a Adobe Indesign. Si encara no tens la botiga en l\u00ednia [&hellip;]<\/p>\n","protected":false},"author":1,"featured_media":0,"parent":13086,"menu_order":2,"comment_status":"closed","ping_status":"closed","template":"","meta":{"_acf_changed":false,"_seopress_robots_primary_cat":"","_seopress_titles_title":"","_seopress_titles_desc":"","_seopress_robots_index":"","inline_featured_image":false,"_uag_custom_page_level_css":"","_kad_blocks_custom_css":"","_kad_blocks_head_custom_js":"","_kad_blocks_body_custom_js":"","_kad_blocks_footer_custom_js":"","site-sidebar-layout":"default","site-content-layout":"default","ast-site-content-layout":"default","site-content-style":"default","site-sidebar-style":"default","ast-global-header-display":"","ast-banner-title-visibility":"","ast-main-header-display":"","ast-hfb-above-header-display":"","ast-hfb-below-header-display":"","ast-hfb-mobile-header-display":"","site-post-title":"","ast-breadcrumbs-content":"","ast-featured-img":"","footer-sml-layout":"","ast-disable-related-posts":"","theme-transparent-header-meta":"default","adv-header-id-meta":"","stick-header-meta":"default","header-above-stick-meta":"","header-main-stick-meta":"","header-below-stick-meta":"","astra-migrate-meta-layouts":"default","ast-page-background-enabled":"default","ast-page-background-meta":{"desktop":{"background-color":"","background-image":"","background-repeat":"repeat","background-position":"center center","background-size":"auto","background-attachment":"scroll","background-type":"","background-media":"","overlay-type":"","overlay-color":"","overlay-opacity":"","overlay-gradient":""},"tablet":{"background-color":"","background-image":"","background-repeat":"repeat","background-position":"center center","background-size":"auto","background-attachment":"scroll","background-type":"","background-media":"","overlay-type":"","overlay-color":"","overlay-opacity":"","overlay-gradient":""},"mobile":{"background-color":"","background-image":"","background-repeat":"repeat","background-position":"center center","background-size":"auto","background-attachment":"scroll","background-type":"","background-media":"","overlay-type":"","overlay-color":"","overlay-opacity":"","overlay-gradient":""}},"ast-content-background-meta":{"desktop":{"background-color":"var(--ast-global-color-5)","background-image":"","background-repeat":"repeat","background-position":"center center","background-size":"auto","background-attachment":"scroll","background-type":"","background-media":"","overlay-type":"","overlay-color":"","overlay-opacity":"","overlay-gradient":""},"tablet":{"background-color":"var(--ast-global-color-5)","background-image":"","background-repeat":"repeat","background-position":"center center","background-size":"auto","background-attachment":"scroll","background-type":"","background-media":"","overlay-type":"","overlay-color":"","overlay-opacity":"","overlay-gradient":""},"mobile":{"background-color":"var(--ast-global-color-5)","background-image":"","background-repeat":"repeat","background-position":"center center","background-size":"auto","background-attachment":"scroll","background-type":"","background-media":"","overlay-type":"","overlay-color":"","overlay-opacity":"","overlay-gradient":""}},"_vp_format_video_url":"","_vp_image_focal_point":[],"footnotes":""},"class_list":["post-13092","page","type-page","status-publish","hentry"],"acf":[],"taxonomy_info":[],"featured_image_src_large":false,"author_info":{"display_name":"Administrador EXI","author_link":"https:\/\/empiezapori.com\/ca\/author\/empiezapori\/"},"comment_info":0,"uagb_featured_image_src":{"full":false,"thumbnail":false,"medium":false,"medium_large":false,"large":false,"1536x1536":false,"2048x2048":false,"vp_sm":false,"vp_md":false,"vp_lg":false,"vp_xl":false,"vp_sm_popup":false,"vp_md_popup":false,"vp_xl_popup":false},"uagb_author_info":{"display_name":"Administrador EXI","author_link":"https:\/\/empiezapori.com\/ca\/author\/empiezapori\/"},"uagb_comment_info":0,"uagb_excerpt":"Usar la sincronitzaci\u00f3 botiga online Prestashop a cat\u00e0leg, et pot estalviar molt de temps i molta feina. Traspassem la teva botiga en l\u00ednia a un cat\u00e0leg per a impremta, o pdf mitjan\u00e7ant XML. Extraiem les dades del teu Prestashop i les preparem per treballar-les a Adobe Indesign. Si encara no tens la botiga en l\u00ednia&hellip;","_links":{"self":[{"href":"https:\/\/empiezapori.com\/ca\/wp-json\/wp\/v2\/pages\/13092","targetHints":{"allow":["GET"]}}],"collection":[{"href":"https:\/\/empiezapori.com\/ca\/wp-json\/wp\/v2\/pages"}],"about":[{"href":"https:\/\/empiezapori.com\/ca\/wp-json\/wp\/v2\/types\/page"}],"author":[{"embeddable":true,"href":"https:\/\/empiezapori.com\/ca\/wp-json\/wp\/v2\/users\/1"}],"replies":[{"embeddable":true,"href":"https:\/\/empiezapori.com\/ca\/wp-json\/wp\/v2\/comments?post=13092"}],"version-history":[{"count":0,"href":"https:\/\/empiezapori.com\/ca\/wp-json\/wp\/v2\/pages\/13092\/revisions"}],"up":[{"embeddable":true,"href":"https:\/\/empiezapori.com\/ca\/wp-json\/wp\/v2\/pages\/13086"}],"wp:attachment":[{"href":"https:\/\/empiezapori.com\/ca\/wp-json\/wp\/v2\/media?parent=13092"}],"curies":[{"name":"wp","href":"https:\/\/api.w.org\/{rel}","templated":true}]}}