{"id":13114,"date":"2020-12-16T09:24:04","date_gmt":"2020-12-16T08:24:04","guid":{"rendered":"https:\/\/empiezapori.com\/disseny-web\/marqueting-web\/experts-en-seo\/"},"modified":"2025-02-25T14:16:42","modified_gmt":"2025-02-25T13:16:42","slug":"experts-en-seo","status":"publish","type":"page","link":"https:\/\/empiezapori.com\/ca\/disseny-web\/marqueting-web\/experts-en-seo\/","title":{"rendered":"Experts en SEO"},"content":{"rendered":"\n<div class=\"wp-block-uagb-container uagb-block-d00ddb58 alignfull uagb-is-root-container\"><div class=\"uagb-container-inner-blocks-wrap\">\n<div class=\"wp-block-uagb-advanced-heading uagb-block-ed1ba3c4 eplus-vNdblq\"><h2 class=\"uagb-heading-text\">Posicionem la teva web<\/h2><\/div>\n\n\n\n<div class=\"wp-block-uagb-container uagb-block-ffc9ac35 alignfull uagb-is-root-container\"><div class=\"uagb-container-inner-blocks-wrap\">\n<div class=\"wp-block-uagb-container uagb-block-0ce83d3d\">\n<div class=\"wp-block-uagb-container uagb-block-a7ef4c94\">\n<div class=\"wp-block-uagb-container uagb-block-2980f21f\">\n<div class=\"wp-block-uagb-image aligncenter uagb-block-0e3d3a0a wp-block-uagb-image--layout-default wp-block-uagb-image--effect-static wp-block-uagb-image--align-center is-resized eplus-APxP79\"><figure class=\"wp-block-uagb-image__figure\"><img decoding=\"async\"  sizes=\"auto, (max-width: 480px) 150px\" src=\"http:\/\/empiezapori.es\/wp-content\/uploads\/2020\/09\/ico-mantenimiento-y-marketing.svg\" alt=\"\" width=\"80\" height=\"80\" title=\"\" loading=\"lazy\"><\/figure><\/div>\n<\/div>\n\n\n\n<div class=\"wp-block-uagb-container uagb-block-2c2f6de4\">\n<p>En tenir una p\u00e0gina web, cal treballar el SEO (posicionament org\u00e0nic en cercadors com Google o Bing). \u00c9s important\u00edssim treballar-ho correctament amb uns experts en SEO, si no la teva web perdr\u00e0 la pres\u00e8ncia al mercat.  <\/p>\n<\/div>\n<\/div>\n\n\n\n<div class=\"wp-block-uagb-container uagb-block-e5530f54\">\n<p>En resum, \u00e9s una disputa entre les teves compet\u00e8ncies potencials, i s&#8217;ha de guanyar per sortir el primer i copsar el m\u00e0xim nombre possible d&#8217;usuaris.<\/p>\n<\/div>\n<\/div>\n\n\n\n<div class=\"wp-block-uagb-container uagb-block-503d0af5\">\n<div class=\"wp-block-uagb-blockquote uagb-block-14854101 uagb-blockquote__skin-border uagb-blockquote__stack-img-none\"><blockquote class=\"uagb-blockquote\"><div class=\"uagb-blockquote__content\"><em><em>Desmarca&#8217;t de la teva compet\u00e8ncia, apareixent abans als cercadors<\/em><\/em><\/div><footer><div class=\"uagb-blockquote__author-wrap uagb-blockquote__author-at-left\"><\/div><\/footer><\/blockquote><\/div>\n<\/div>\n<\/div><\/div>\n<\/div><\/div>\n\n<div style=\"height:80px\" aria-hidden=\"true\" class=\"wp-block-spacer\"><\/div>\n\n<div class=\"wp-block-uagb-container uagb-block-5b398084 alignfull uagb-is-root-container\"><div class=\"uagb-container-inner-blocks-wrap\">\n<div class=\"wp-block-uagb-container uagb-block-d011c83d\">\n<div class=\"wp-block-uagb-advanced-heading uagb-block-5a577c88\"><h2 class=\"uagb-heading-text\">Serveis SEO<\/h2><\/div>\n\n\n\n<div class=\"wp-block-uagb-icon-list uagb-block-40b077f4\"><div class=\"uagb-icon-list__wrap\">\n<div class=\"wp-block-uagb-icon-list-child uagb-block-b80efd66\"><span class=\"uagb-icon-list__source-wrap\"><svg xmlns=\"https:\/\/www.w3.org\/2000\/svg\" viewbox=\"0 0 512 512\"><path d=\"M512 256C512 397.4 397.4 512 256 512C114.6 512 0 397.4 0 256C0 114.6 114.6 0 256 0C397.4 0 512 114.6 512 256z\"><\/path><\/svg><\/span><span class=\"uagb-icon-list__label\">Si la p\u00e0gina web ha estat realitzada per Empiezapori , el posicionament entra als par\u00e0metres de construcci\u00f3 d&#8217;aquesta mateixa. Creem un t\u00edtol, un slug, la meta descripci\u00f3 i les paraules clau objectiu a totes les p\u00e0gines de la web.<\/span><\/div>\n\n\n\n<div class=\"wp-block-uagb-icon-list-child uagb-block-47e711d1\"><span class=\"uagb-icon-list__source-wrap\"><svg xmlns=\"https:\/\/www.w3.org\/2000\/svg\" viewbox=\"0 0 512 512\"><path d=\"M512 256C512 397.4 397.4 512 256 512C114.6 512 0 397.4 0 256C0 114.6 114.6 0 256 0C397.4 0 512 114.6 512 256z\"><\/path><\/svg><\/span><span class=\"uagb-icon-list__label\">Optimitzem el <a href=\"https:\/\/empiezapori.com\/ca\/altres-serveis-grafics-i-web\/contingut-i-traduccio\/\" target=\"_blank\" rel=\"noreferrer noopener\">contingut<\/a> per poder posicionar millor la web.<\/span><\/div>\n\n\n\n<div class=\"wp-block-uagb-icon-list-child uagb-block-2691eeb8\"><span class=\"uagb-icon-list__source-wrap\"><svg xmlns=\"https:\/\/www.w3.org\/2000\/svg\" viewbox=\"0 0 512 512\"><path d=\"M512 256C512 397.4 397.4 512 256 512C114.6 512 0 397.4 0 256C0 114.6 114.6 0 256 0C397.4 0 512 114.6 512 256z\"><\/path><\/svg><\/span><span class=\"uagb-icon-list__label\">Alta a <a href=\"https:\/\/www.google.es\/business\/\" target=\"_blank\" rel=\"noreferrer noopener\">Google My Business<\/a> , un apartat del SEO tamb\u00e9 \u00e9s posicionar la teva web amb la geolocalitzaci\u00f3 real del teu comer\u00e7.<\/span><\/div>\n\n\n\n<div class=\"wp-block-uagb-icon-list-child uagb-block-dd66cfc6\"><span class=\"uagb-icon-list__source-wrap\"><svg xmlns=\"https:\/\/www.w3.org\/2000\/svg\" viewbox=\"0 0 512 512\"><path d=\"M512 256C512 397.4 397.4 512 256 512C114.6 512 0 397.4 0 256C0 114.6 114.6 0 256 0C397.4 0 512 114.6 512 256z\"><\/path><\/svg><\/span><span class=\"uagb-icon-list__label\">Estudi de l&#8217;UI\/UX. Analitzem el disseny d&#8217;interf\u00edcie de la p\u00e0gina web, la interacci\u00f3 que fan els usuaris amb la teva p\u00e0gina i estudiem tamb\u00e9 l&#8217;experi\u00e8ncia que viuen els usuaris. Aquests tres aspectes s\u00f3n importants perqu\u00e8 els motors de cerca entenguin b\u00e9 l&#8217;estructura de la web i aix\u00ed mateix afecta per al posicionament web.<\/span><\/div>\n\n\n\n<div class=\"wp-block-uagb-icon-list-child uagb-block-59adfd3b\"><span class=\"uagb-icon-list__source-wrap\"><svg xmlns=\"https:\/\/www.w3.org\/2000\/svg\" viewbox=\"0 0 512 512\"><path d=\"M512 256C512 397.4 397.4 512 256 512C114.6 512 0 397.4 0 256C0 114.6 114.6 0 256 0C397.4 0 512 114.6 512 256z\"><\/path><\/svg><\/span><span class=\"uagb-icon-list__label\">Supervisem el tr\u00e0nsit del lloc web amb el suport de <a href=\"https:\/\/www.google.com\/webmasters\" target=\"_blank\" rel=\"noreferrer noopener\">Google Search Console<\/a> , per poder analitzar la indexaci\u00f3 amb els cercadors i anar millorant el posicionament.<\/span><\/div>\n<\/div><\/div>\n<\/div>\n\n\n\n<div class=\"wp-block-uagb-container uagb-block-7e2e4457\">\n<div class=\"wp-block-uagb-advanced-heading uagb-block-3f509abe\"><h2 class=\"uagb-heading-text\">Avantatges<\/h2><\/div>\n\n\n\n<div class=\"wp-block-uagb-icon-list uagb-block-70b96c9d\"><div class=\"uagb-icon-list__wrap\">\n<div class=\"wp-block-uagb-icon-list-child uagb-block-f1c5382f\"><span class=\"uagb-icon-list__source-wrap\"><svg xmlns=\"https:\/\/www.w3.org\/2000\/svg\" viewbox=\"0 0 512 512\"><path d=\"M512 256C512 397.4 397.4 512 256 512C114.6 512 0 397.4 0 256C0 114.6 114.6 0 256 0C397.4 0 512 114.6 512 256z\"><\/path><\/svg><\/span><span class=\"uagb-icon-list__label\">Fer-se un lloc al mercat en l\u00ednia.<\/span><\/div>\n\n\n\n<div class=\"wp-block-uagb-icon-list-child uagb-block-7408df99\"><span class=\"uagb-icon-list__source-wrap\"><svg xmlns=\"https:\/\/www.w3.org\/2000\/svg\" viewbox=\"0 0 512 512\"><path d=\"M512 256C512 397.4 397.4 512 256 512C114.6 512 0 397.4 0 256C0 114.6 114.6 0 256 0C397.4 0 512 114.6 512 256z\"><\/path><\/svg><\/span><span class=\"uagb-icon-list__label\">Incrementaci\u00f3 de tr\u00e0nsit a la teva p\u00e0gina web.<\/span><\/div>\n\n\n\n<div class=\"wp-block-uagb-icon-list-child uagb-block-df054805\"><span class=\"uagb-icon-list__source-wrap\"><svg xmlns=\"https:\/\/www.w3.org\/2000\/svg\" viewbox=\"0 0 512 512\"><path d=\"M512 256C512 397.4 397.4 512 256 512C114.6 512 0 397.4 0 256C0 114.6 114.6 0 256 0C397.4 0 512 114.6 512 256z\"><\/path><\/svg><\/span><span class=\"uagb-icon-list__label\">P\u00fablic potencial.<\/span><\/div>\n\n\n\n<div class=\"wp-block-uagb-icon-list-child uagb-block-424fadc8\"><span class=\"uagb-icon-list__source-wrap\"><svg xmlns=\"https:\/\/www.w3.org\/2000\/svg\" viewbox=\"0 0 512 512\"><path d=\"M512 256C512 397.4 397.4 512 256 512C114.6 512 0 397.4 0 256C0 114.6 114.6 0 256 0C397.4 0 512 114.6 512 256z\"><\/path><\/svg><\/span><span class=\"uagb-icon-list__label\">Elevaci\u00f3 de conversions.<\/span><\/div>\n<\/div><\/div>\n<\/div>\n<\/div><\/div>\n\n<div style=\"height:80px\" aria-hidden=\"true\" class=\"wp-block-spacer\"><\/div>\n\n<hr class=\"wp-block-separator has-css-opacity alignfull is-style-wide\"\/>\n\n<div class=\"wp-block-uagb-container uagb-block-c1ccc4ad alignfull uagb-is-root-container\"><div class=\"uagb-container-inner-blocks-wrap\">\n<div class=\"wp-block-columns is-layout-flex wp-container-core-columns-is-layout-28f84493 wp-block-columns-is-layout-flex\">\n<div class=\"wp-block-column is-layout-flow wp-block-column-is-layout-flow\">\n<h3 class=\"wp-block-heading\" id=\"contacto\">Contacte<\/h3>\n\n\nVols m\u00e9s informaci\u00f3 sobre Experts en SEO?\n\n\n\n<p><\/p><p id=\"block-803feaa3-52f5-47f0-8483-5da7a8b3d8a3\">Contacta amb nosaltres sense comprom\u00eds<br\/>T&#8217;assessorarem personalment<\/p>\n\n\n\n<p>C\/Font 16, local 5<br\/>08960 Sant Just Desvern<br\/>BARCELONA (Spain)<br\/><a href=\"tel:+34934700037\">+34 93 470 00 37<\/a><br\/><a href=\"mailto:info@empiezapori.com\">info@empiezapori.com<\/a><\/p>\n<\/div>\n\n\n\n<div class=\"wp-block-column is-layout-flow wp-block-column-is-layout-flow\">\t\t\t\t<div class = \"wp-block-uagb-cf7-styler uagb-cf7-styler__outer-wrap uagb-block-89c818f6   \">\n\t\t\t\t\t<div class = \"uagb-cf7-styler__align-left uagb-cf7-styler__field-style-underline uagb-cf7-styler__btn-align-left uagb-cf7-styler__btn-align-tablet- uagb-cf7-styler__btn-align-mobile- uagb-cf7-styler__highlight-style-default uagb-cf7-styler__check-style-enabled\">\n\t\t\t\t\t\n<div class=\"wpcf7 no-js\" id=\"wpcf7-f13083-o1\" lang=\"ca\" dir=\"ltr\" data-wpcf7-id=\"13083\">\n<div class=\"screen-reader-response\"><p role=\"status\" aria-live=\"polite\" aria-atomic=\"true\"><\/p> <ul><\/ul><\/div>\n<form action=\"\/ca\/wp-json\/wp\/v2\/pages\/13114#wpcf7-f13083-o1\" method=\"post\" class=\"wpcf7-form init\" aria-label=\"Formulari de contacte\" novalidate=\"novalidate\" data-status=\"init\">\n<fieldset class=\"hidden-fields-container\"><input type=\"hidden\" name=\"_wpcf7\" value=\"13083\" \/><input type=\"hidden\" name=\"_wpcf7_version\" value=\"6.1.5\" \/><input type=\"hidden\" name=\"_wpcf7_locale\" value=\"ca\" \/><input type=\"hidden\" name=\"_wpcf7_unit_tag\" value=\"wpcf7-f13083-o1\" \/><input type=\"hidden\" name=\"_wpcf7_container_post\" value=\"0\" \/><input type=\"hidden\" name=\"_wpcf7_posted_data_hash\" value=\"\" \/><input type=\"hidden\" name=\"_wpcf7_recaptcha_response\" value=\"\" \/>\n<\/fieldset>\n<p><label> Nom*<br \/>\n<span class=\"wpcf7-form-control-wrap\" data-name=\"nombre\"><input size=\"40\" maxlength=\"400\" class=\"wpcf7-form-control wpcf7-text wpcf7-validates-as-required\" aria-required=\"true\" aria-invalid=\"false\" placeholder=\"El teu nom\" value=\"\" type=\"text\" name=\"nombre\" \/><\/span> <\/label>\n<\/p>\n<div class=\"wp-block-columns\">\n\t<div class=\"wp-block-column\">\n\t\t<p><label> Correu electr\u00f2nic*<br \/>\n<span class=\"wpcf7-form-control-wrap\" data-name=\"email\"><input size=\"40\" maxlength=\"400\" class=\"wpcf7-form-control wpcf7-email wpcf7-validates-as-required wpcf7-text wpcf7-validates-as-email\" aria-required=\"true\" aria-invalid=\"false\" placeholder=\"El teu correu\" value=\"\" type=\"email\" name=\"email\" \/><\/span> <\/label>\n\t\t<\/p>\n\t<\/div>\n\t<div class=\"wp-block-column\">\n\t\t<p><label> Tel\u00e8fon*<br \/>\n<span class=\"wpcf7-form-control-wrap\" data-name=\"telefono\"><input size=\"40\" maxlength=\"400\" class=\"wpcf7-form-control wpcf7-tel wpcf7-validates-as-required wpcf7-text wpcf7-validates-as-tel\" aria-required=\"true\" aria-invalid=\"false\" placeholder=\"El teu tel\u00e8fon\" value=\"\" type=\"tel\" name=\"telefono\" \/><\/span> <\/label>\n\t\t<\/p>\n\t<\/div>\n<\/div>\n<p><label> Missatge<br \/>\n<span class=\"wpcf7-form-control-wrap\" data-name=\"mensaje\"><textarea cols=\"40\" rows=\"3\" maxlength=\"2000\" class=\"wpcf7-form-control wpcf7-textarea\" aria-invalid=\"false\" placeholder=\"Escriu aqu\u00ed una breu descripci\u00f3\" name=\"mensaje\"><\/textarea><\/span> <\/label><br \/>\n*Camps obligatoris\n<\/p>\n<p>El registre de la web implica l&#8217;acceptaci\u00f3 del vostre <a href=\"\/aviso-legal\/\" target=\"blank\">Av\u00eds Legal<\/a> .<br \/>\n<span class=\"wpcf7-form-control-wrap\" data-name=\"acepto\"><span class=\"wpcf7-form-control wpcf7-acceptance\"><span class=\"wpcf7-list-item\"><label><input type=\"checkbox\" name=\"acepto\" value=\"1\" aria-invalid=\"false\" \/><span class=\"wpcf7-list-item-label\">S\u00ed, Accepto*<\/span><\/label><\/span><\/span><\/span><br \/>\n<input class=\"wpcf7-form-control wpcf7-submit has-spinner\" type=\"submit\" value=\"Enviar\" \/>\n<\/p><div class=\"wpcf7-response-output\" aria-hidden=\"true\"><\/div>\n<\/form>\n<\/div>\n\t\t\t\t\t<\/div>\n\t\t\t\t<\/div>\n\t\t\t\t<\/div>\n<\/div>\n\n\n\n<p><\/p>\n<\/div><\/div>\n","protected":false},"excerpt":{"rendered":"<p>Posicionem la teva web En tenir una p\u00e0gina web, cal treballar el SEO (posicionament org\u00e0nic en cercadors com Google o Bing). \u00c9s important\u00edssim treballar-ho correctament amb uns experts en SEO, si no la teva web perdr\u00e0 la pres\u00e8ncia al mercat. En resum, \u00e9s una disputa entre les teves compet\u00e8ncies potencials, i s&#8217;ha de guanyar per [&hellip;]<\/p>\n","protected":false},"author":1,"featured_media":0,"parent":13110,"menu_order":1,"comment_status":"closed","ping_status":"closed","template":"","meta":{"_acf_changed":false,"_seopress_robots_primary_cat":"","_seopress_titles_title":"Posicionament SEO a la teva Web Garantit amb Empiezapori","_seopress_titles_desc":"Amb els nostres serveis de SEO, assegura que el teu lloc destaqui als cercadors. Optimitzaci\u00f3 de contingut, alta a Google My Business i an\u00e0lisi constant del tr\u00e0nsit per millorar el teu posicionament.  ","_seopress_robots_index":"","inline_featured_image":false,"_uag_custom_page_level_css":"","_kad_blocks_custom_css":"","_kad_blocks_head_custom_js":"","_kad_blocks_body_custom_js":"","_kad_blocks_footer_custom_js":"","site-sidebar-layout":"default","site-content-layout":"default","ast-site-content-layout":"default","site-content-style":"default","site-sidebar-style":"default","ast-global-header-display":"","ast-banner-title-visibility":"","ast-main-header-display":"","ast-hfb-above-header-display":"","ast-hfb-below-header-display":"","ast-hfb-mobile-header-display":"","site-post-title":"","ast-breadcrumbs-content":"","ast-featured-img":"","footer-sml-layout":"","ast-disable-related-posts":"","theme-transparent-header-meta":"default","adv-header-id-meta":"","stick-header-meta":"default","header-above-stick-meta":"","header-main-stick-meta":"","header-below-stick-meta":"","astra-migrate-meta-layouts":"default","ast-page-background-enabled":"default","ast-page-background-meta":{"desktop":{"background-color":"","background-image":"","background-repeat":"repeat","background-position":"center center","background-size":"auto","background-attachment":"scroll","background-type":"","background-media":"","overlay-type":"","overlay-color":"","overlay-opacity":"","overlay-gradient":""},"tablet":{"background-color":"","background-image":"","background-repeat":"repeat","background-position":"center center","background-size":"auto","background-attachment":"scroll","background-type":"","background-media":"","overlay-type":"","overlay-color":"","overlay-opacity":"","overlay-gradient":""},"mobile":{"background-color":"","background-image":"","background-repeat":"repeat","background-position":"center center","background-size":"auto","background-attachment":"scroll","background-type":"","background-media":"","overlay-type":"","overlay-color":"","overlay-opacity":"","overlay-gradient":""}},"ast-content-background-meta":{"desktop":{"background-color":"var(--ast-global-color-5)","background-image":"","background-repeat":"repeat","background-position":"center center","background-size":"auto","background-attachment":"scroll","background-type":"","background-media":"","overlay-type":"","overlay-color":"","overlay-opacity":"","overlay-gradient":""},"tablet":{"background-color":"var(--ast-global-color-5)","background-image":"","background-repeat":"repeat","background-position":"center center","background-size":"auto","background-attachment":"scroll","background-type":"","background-media":"","overlay-type":"","overlay-color":"","overlay-opacity":"","overlay-gradient":""},"mobile":{"background-color":"var(--ast-global-color-5)","background-image":"","background-repeat":"repeat","background-position":"center center","background-size":"auto","background-attachment":"scroll","background-type":"","background-media":"","overlay-type":"","overlay-color":"","overlay-opacity":"","overlay-gradient":""}},"_vp_format_video_url":"","_vp_image_focal_point":[],"footnotes":""},"class_list":["post-13114","page","type-page","status-publish","hentry"],"acf":[],"taxonomy_info":[],"featured_image_src_large":false,"author_info":{"display_name":"Administrador EXI","author_link":"https:\/\/empiezapori.com\/ca\/author\/empiezapori\/"},"comment_info":0,"uagb_featured_image_src":{"full":false,"thumbnail":false,"medium":false,"medium_large":false,"large":false,"1536x1536":false,"2048x2048":false,"vp_sm":false,"vp_md":false,"vp_lg":false,"vp_xl":false,"vp_sm_popup":false,"vp_md_popup":false,"vp_xl_popup":false},"uagb_author_info":{"display_name":"Administrador EXI","author_link":"https:\/\/empiezapori.com\/ca\/author\/empiezapori\/"},"uagb_comment_info":0,"uagb_excerpt":"Posicionem la teva web En tenir una p\u00e0gina web, cal treballar el SEO (posicionament org\u00e0nic en cercadors com Google o Bing). \u00c9s important\u00edssim treballar-ho correctament amb uns experts en SEO, si no la teva web perdr\u00e0 la pres\u00e8ncia al mercat. En resum, \u00e9s una disputa entre les teves compet\u00e8ncies potencials, i s&#8217;ha de guanyar per&hellip;","_links":{"self":[{"href":"https:\/\/empiezapori.com\/ca\/wp-json\/wp\/v2\/pages\/13114","targetHints":{"allow":["GET"]}}],"collection":[{"href":"https:\/\/empiezapori.com\/ca\/wp-json\/wp\/v2\/pages"}],"about":[{"href":"https:\/\/empiezapori.com\/ca\/wp-json\/wp\/v2\/types\/page"}],"author":[{"embeddable":true,"href":"https:\/\/empiezapori.com\/ca\/wp-json\/wp\/v2\/users\/1"}],"replies":[{"embeddable":true,"href":"https:\/\/empiezapori.com\/ca\/wp-json\/wp\/v2\/comments?post=13114"}],"version-history":[{"count":0,"href":"https:\/\/empiezapori.com\/ca\/wp-json\/wp\/v2\/pages\/13114\/revisions"}],"up":[{"embeddable":true,"href":"https:\/\/empiezapori.com\/ca\/wp-json\/wp\/v2\/pages\/13110"}],"wp:attachment":[{"href":"https:\/\/empiezapori.com\/ca\/wp-json\/wp\/v2\/media?parent=13114"}],"curies":[{"name":"wp","href":"https:\/\/api.w.org\/{rel}","templated":true}]}}