{"id":17438,"date":"2022-02-02T13:38:53","date_gmt":"2022-02-02T12:38:53","guid":{"rendered":"https:\/\/empiezapori.com\/disseny-web\/botiga-online-woocommerce\/web-per-a-restaurants-amb-sistema-per-emportar-take-away\/"},"modified":"2025-02-25T14:02:47","modified_gmt":"2025-02-25T13:02:47","slug":"web-online-per-restaurants","status":"publish","type":"page","link":"https:\/\/empiezapori.com\/ca\/disseny-web\/botiga-online-woocommerce\/web-online-per-restaurants\/","title":{"rendered":"Web per a restaurants amb sistema per emportar (take away)"},"content":{"rendered":"\n<h2 class=\"wp-block-heading\" id=\"convierte-tu-restaurante-en-un-autentico-take-away\">Converteix el teu <strong>restaurant<\/strong> en un aut\u00e8ntic <strong>take away<\/strong><\/h2>\n\n\n\n<p>D\u00f3na el pas i amplia el teu restaurant, aconsegueix <strong>nous clients<\/strong> i ofereix <strong>m\u00e9s serveis<\/strong> als habituals. Sense necessitat ampliar instal\u00b7lacions, ni personal, 24&#215;7.<\/p>\n\n\n\n<p>Posem a disposici\u00f3 del teu restaurant una web per poder donar servei d&#8217;enviament a domicili, <strong>eliminant o reduint les comissions<\/strong> a intermediaris com Glovo, Uber Eats, El Tenedor, etc.<\/p>\n\n\n\n<p>La nostra soluci\u00f3 es basa en <strong>Woocommerce<\/strong> , un plugin de <strong>WordPress<\/strong> , la plataforma m\u00e9s usada per a confecci\u00f3 de webs a nivell mundial. Compte amb milers de plugins i empreses desenvolupant solucions. WordPress i Woocommerce s\u00f3n <strong>codi obert<\/strong> , per la qual cosa no cal pagar costoses llic\u00e8ncies per al seu \u00fas.<\/p>\n\n\n\n<div style=\"height:80px\" aria-hidden=\"true\" class=\"wp-block-spacer\"><\/div>\n\n\n\n<h3 class=\"wp-block-heading\" id=\"principales-caracteristicas-web-para-restaurantes\">Principals caracter\u00edstiques web per a <strong>restaurants<\/strong><\/h3>\n\n\n\n<div class=\"wp-block-columns eplus-h42kpe is-layout-flex wp-container-core-columns-is-layout-28f84493 wp-block-columns-is-layout-flex\">\n<div class=\"wp-block-column eplus-SZM6AP is-layout-flow wp-block-column-is-layout-flow\">\n<div class=\"wp-block-uagb-info-box uagb-block-c6732e6f uagb-infobox__content-wrap  uagb-infobox-icon-above-title uagb-infobox-image-valign-top\"><div class=\"uagb-ifb-content\"><div class=\"uagb-ifb-image-content\"><img decoding=\"async\" src=\"https:\/\/empiezapori.com\/wp-content\/uploads\/2022\/02\/lily-banse-YHSwy6uqvk-unsplash-e1643796614603.jpg\" width=\"270\" height=\"270\" loading=\"lazy\"\/><\/div><div class=\"uagb-ifb-title-wrap\"><h4 class=\"uagb-ifb-title\">Plats<\/h4><\/div><p class=\"uagb-ifb-desc\">Introdueix i edita els teus plats, crea men\u00fas, mostra&#8217;ls segons el dia de la setmana. Podem adaptar-nos a les vostres necessitats.<\/p><\/div><\/div>\n<\/div>\n\n\n\n<div class=\"wp-block-column eplus-Mp4IgM is-layout-flow wp-block-column-is-layout-flow\">\n<div class=\"wp-block-uagb-info-box uagb-block-a20a20cd uagb-infobox__content-wrap  uagb-infobox-icon-above-title uagb-infobox-image-valign-top\"><div class=\"uagb-ifb-content\"><div class=\"uagb-ifb-image-content\"><img decoding=\"async\" src=\"https:\/\/empiezapori.com\/wp-content\/uploads\/2022\/02\/erik-mclean-r2Mi6EnKWTg-unsplash.jpg\" width=\"270\" height=\"270\" loading=\"lazy\"\/><\/div><div class=\"uagb-ifb-title-wrap\"><h4 class=\"uagb-ifb-title\">M\u00e8todes d&#8217;enviament, zones i horaris<\/h4><\/div><p class=\"uagb-ifb-desc\">Permet als teus clients seleccionar entre rebre la comanda al teu domicili o recollir-la al teu restaurant. Decideix les zones on enviar\u00e0s i les hores de lliurament.<\/p><\/div><\/div>\n<\/div>\n\n\n\n<div class=\"wp-block-column eplus-406YK7 is-layout-flow wp-block-column-is-layout-flow\">\n<div class=\"wp-block-uagb-info-box uagb-block-003bdd62 uagb-infobox__content-wrap  uagb-infobox-icon-above-title uagb-infobox-image-valign-top\"><div class=\"uagb-ifb-content\"><div class=\"uagb-ifb-image-content\"><img decoding=\"async\" src=\"https:\/\/empiezapori.com\/wp-content\/uploads\/2022\/02\/cardmapr-s8F8yglbpjo-unsplash-e1643796641861.jpg\" width=\"270\" height=\"270\" loading=\"lazy\"\/><\/div><div class=\"uagb-ifb-title-wrap\"><h4 class=\"uagb-ifb-title\">M\u00e8todes de pagament<\/h4><\/div><p class=\"uagb-ifb-desc\">Facilita als teus clients el pagament amb diferents opcions, targeta, contrareemborsament, bizum.<\/p><\/div><\/div>\n<\/div>\n<\/div>\n\n\n\n<div class=\"wp-block-columns eplus-h42kpe is-layout-flex wp-container-core-columns-is-layout-28f84493 wp-block-columns-is-layout-flex\">\n<div class=\"wp-block-column eplus-SZM6AP is-layout-flow wp-block-column-is-layout-flow\">\n<div class=\"wp-block-uagb-info-box uagb-block-3f61c051 uagb-infobox__content-wrap  uagb-infobox-icon-above-title uagb-infobox-image-valign-top\"><div class=\"uagb-ifb-content\"><div class=\"uagb-ifb-image-content\"><img decoding=\"async\" src=\"https:\/\/empiezapori.com\/wp-content\/uploads\/2022\/02\/daniel-bradley-y_WDEY9e6mA-unsplash-e1643796694564.jpg\" width=\"270\" height=\"270\" loading=\"lazy\"\/><\/div><div class=\"uagb-ifb-title-wrap\"><h4 class=\"uagb-ifb-title\"> Impressora de tiquets<\/h4><\/div><p class=\"uagb-ifb-desc\">De manera opcional, perqu\u00e8 no hagis d&#8217;estar pendent dels correus, instal\u00b7lem una impressora on reps les noves comandes.<\/p><\/div><\/div>\n<\/div>\n\n\n\n<div class=\"wp-block-column eplus-Mp4IgM is-layout-flow wp-block-column-is-layout-flow\">\n<div class=\"wp-block-uagb-info-box uagb-block-bc505ec7 uagb-infobox__content-wrap  uagb-infobox-icon-above-title uagb-infobox-image-valign-top\"><div class=\"uagb-ifb-content\"><div class=\"uagb-ifb-image-content\"><img decoding=\"async\" src=\"https:\/\/empiezapori.com\/wp-content\/uploads\/2022\/02\/the-blowup-wCzSkz-EE8k-unsplash-e1643796726913.jpg\" width=\"270\" height=\"270\" loading=\"lazy\"\/><\/div><div class=\"uagb-ifb-title-wrap\"><h4 class=\"uagb-ifb-title\">Codis QR per a comandes a taula<\/h4><\/div><p class=\"uagb-ifb-desc\">Opcionalment, per alliberar el personal i oferir m\u00e9s opcions al client, podem generar QR per fer comandes des de la taula.<\/p><\/div><\/div>\n<\/div>\n\n\n\n<div class=\"wp-block-column eplus-406YK7 is-layout-flow wp-block-column-is-layout-flow\">\n<div class=\"wp-block-uagb-info-box uagb-block-b9e9bab2 uagb-infobox__content-wrap  uagb-infobox-icon-above-title uagb-infobox-image-valign-top\"><div class=\"uagb-ifb-content\"><div class=\"uagb-ifb-image-content\"><img decoding=\"async\" src=\"https:\/\/empiezapori.com\/wp-content\/uploads\/2022\/02\/john-schnobrich-FlPc9_VocJ4-unsplash-e1643796665281.jpg\" width=\"270\" height=\"270\" loading=\"lazy\"\/><\/div><div class=\"uagb-ifb-title-wrap\"><h4 class=\"uagb-ifb-title\">Complet panell d&#8217;administraci\u00f3<\/h4><\/div><p class=\"uagb-ifb-desc\">Controla el teu restaurant: usuaris, clients, comandes, rep correus, analitza totes les dades.<\/p><\/div><\/div>\n<\/div>\n<\/div>\n\n\n\n<div style=\"height:80px\" aria-hidden=\"true\" class=\"wp-block-spacer\"><\/div>\n\n\n\n<h3 class=\"wp-block-heading\" id=\"que-ofrecemos-desde-empiezapori-a-tu-restaurante-nuestro-servicio\">Qu\u00e8 oferim des de <strong>comen\u00e7apori<\/strong> al teu restaurant? El nostre servei<\/h3>\n\n\n\n<p><strong>T&#8217;assessorem i acompanyem<\/strong> . T\u00b4oferim l\u00b4ajuda del nostre equip, especialistes en diferents disciplines, per fer cr\u00e9ixer el teu negoci. \u00c9s recomanable fer manteniment i seguiment de la web per potenciar-la i que segueixi creixent.<\/p>\n\n\n\n<div class=\"wp-block-columns eplus-h42kpe is-layout-flex wp-container-core-columns-is-layout-28f84493 wp-block-columns-is-layout-flex\">\n<div class=\"wp-block-column eplus-SZM6AP is-layout-flow wp-block-column-is-layout-flow\">\n<div class=\"wp-block-uagb-info-box uagb-block-6aa030cc uagb-infobox__content-wrap  uagb-infobox-icon-above-title uagb-infobox-image-valign-top\"><div class=\"uagb-ifb-content\"><div class=\"uagb-ifb-image-content\"><img decoding=\"async\" src=\"https:\/\/empiezapori.com\/wp-content\/uploads\/2022\/02\/hosting.svg\" width=\"100\" height=\"100\" loading=\"lazy\"\/><\/div><div class=\"uagb-ifb-title-wrap\"><h4 class=\"uagb-ifb-title\"> Hosting<\/h4><\/div><p class=\"uagb-ifb-desc\">T&#8217;oferim el nostre servei de hosting optimitzat per a les necessitats de la teva web. Amb certificat SSL per a m\u00e9s confian\u00e7a.<\/p><\/div><\/div>\n<\/div>\n\n\n\n<div class=\"wp-block-column eplus-Mp4IgM is-layout-flow wp-block-column-is-layout-flow\">\n<div class=\"wp-block-uagb-info-box uagb-block-75f5d3f2 uagb-infobox__content-wrap  uagb-infobox-icon-above-title uagb-infobox-image-valign-top\"><div class=\"uagb-ifb-content\"><div class=\"uagb-ifb-image-content\"><img decoding=\"async\" src=\"https:\/\/empiezapori.com\/wp-content\/uploads\/2020\/09\/ico-ecommerce.svg\" width=\"100\" height=\"100\" loading=\"lazy\"\/><\/div><div class=\"uagb-ifb-title-wrap\"><h4 class=\"uagb-ifb-title\">Suport<\/h4><\/div><p class=\"uagb-ifb-desc\">La teva botiga preparada per vendre i amb suport t\u00e8cnic. Ens encarreguem de c\u00f2pies de seguretat, actualitzacions cr\u00edtiques, neteja i monitoritzaci\u00f3 de la web.<\/p><\/div><\/div>\n<\/div>\n\n\n\n<div class=\"wp-block-column eplus-406YK7 is-layout-flow wp-block-column-is-layout-flow\">\n<div class=\"wp-block-uagb-info-box uagb-block-ecdd1352 uagb-infobox__content-wrap  uagb-infobox-icon-above-title uagb-infobox-image-valign-top\"><div class=\"uagb-ifb-content\"><div class=\"uagb-ifb-image-content\"><img decoding=\"async\" src=\"https:\/\/empiezapori.com\/wp-content\/uploads\/2022\/02\/google-business.svg\" width=\"100\" height=\"100\" loading=\"lazy\"\/><\/div><div class=\"uagb-ifb-title-wrap\"><h4 class=\"uagb-ifb-title\">SEO Local<\/h4><\/div><p class=\"uagb-ifb-desc\">T&#8217;ajudem amb el SEO Local de la web del teu restaurant. Configurem la fitxa de Google myBusiness, gestionem les ressenyes, alta als cercadors.<\/p><\/div><\/div>\n<\/div>\n<\/div>\n\n\n\n<div class=\"wp-block-columns eplus-h42kpe is-layout-flex wp-container-core-columns-is-layout-28f84493 wp-block-columns-is-layout-flex\">\n<div class=\"wp-block-column eplus-SZM6AP is-layout-flow wp-block-column-is-layout-flow\">\n<div class=\"wp-block-uagb-info-box uagb-block-86cfa49f uagb-infobox__content-wrap  uagb-infobox-icon-above-title uagb-infobox-image-valign-top\"><div class=\"uagb-ifb-content\"><div class=\"uagb-ifb-image-content\"><img decoding=\"async\" src=\"https:\/\/empiezapori.com\/wp-content\/uploads\/2020\/09\/ico-mantenimiento-y-marketing.svg\" width=\"100\" height=\"100\" loading=\"lazy\"\/><\/div><div class=\"uagb-ifb-title-wrap\"><h4 class=\"uagb-ifb-title\"> Xarxes Socials<\/h4><\/div><p class=\"uagb-ifb-desc\">Et donem suport a les xarxes socials: Instagram, TikTok, campanyes de correu, etc.<\/p><\/div><\/div>\n<\/div>\n\n\n\n<div class=\"wp-block-column eplus-Mp4IgM is-layout-flow wp-block-column-is-layout-flow\">\n<div class=\"wp-block-uagb-info-box uagb-block-297890fe uagb-infobox__content-wrap  uagb-infobox-icon-above-title uagb-infobox-image-valign-top\"><div class=\"uagb-ifb-content\"><div class=\"uagb-ifb-image-content\"><img decoding=\"async\" src=\"https:\/\/empiezapori.com\/wp-content\/uploads\/2020\/09\/ico-papeleria-corporativa.svg\" width=\"100\" height=\"100\" loading=\"lazy\"\/><\/div><div class=\"uagb-ifb-title-wrap\"><h4 class=\"uagb-ifb-title\">Disseny gr\u00e0fic<\/h4><\/div><p class=\"uagb-ifb-desc\">Dissenyem la teva carta, actualitzem el teu logo o ho creem, retolaci\u00f3, flyers. Tamb\u00e9 ens podem encarregar de fotografia professional.<\/p><\/div><\/div>\n<\/div>\n\n\n\n<div class=\"wp-block-column eplus-406YK7 is-layout-flow wp-block-column-is-layout-flow\">\n<div class=\"wp-block-uagb-info-box uagb-block-c525006b uagb-infobox__content-wrap  uagb-infobox-icon-above-title uagb-infobox-image-valign-top\"><div class=\"uagb-ifb-content\"><div class=\"uagb-ifb-image-content\"><img decoding=\"async\" src=\"https:\/\/empiezapori.com\/wp-content\/uploads\/2020\/09\/rgpd.svg\" width=\"100\" height=\"100\" loading=\"lazy\"\/><\/div><div class=\"uagb-ifb-title-wrap\"><h4 class=\"uagb-ifb-title\">Protecci\u00f3 de dades<\/h4><\/div><p class=\"uagb-ifb-desc\">A trav\u00e9s de col\u00b7laboradors t&#8217;oferim assessorament perqu\u00e8 la teva web compleixi la llei RGPD.<\/p><\/div><\/div>\n<\/div>\n<\/div>\n\n\n\n<div style=\"height:80px\" aria-hidden=\"true\" class=\"wp-block-spacer\"><\/div>\n\n\n\n<h3 class=\"wp-block-heading\" id=\"mas-opciones-para-tu-restaurante\">M\u00e9s opcions per al teu restaurant<\/h3>\n\n\n\n<p>A causa de la modularitat del sistema que utilitzem, podem ampliar funcionalitats com: <strong>idiomes<\/strong> , <strong>sistema de cupons i descomptes<\/strong> , <strong>TPV<\/strong> (terminal punt de venda), <strong>control de flota<\/strong> i molt m\u00e9s.<\/p>\n\n\n\n<div style=\"height:80px\" aria-hidden=\"true\" class=\"wp-block-spacer\"><\/div>\n\n\n\n<hr class=\"wp-block-separator has-css-opacity alignfull is-style-wide\"\/>\n\n<div class=\"wp-block-uagb-container uagb-block-c1ccc4ad alignfull uagb-is-root-container\"><div class=\"uagb-container-inner-blocks-wrap\">\n<div class=\"wp-block-columns is-layout-flex wp-container-core-columns-is-layout-28f84493 wp-block-columns-is-layout-flex\">\n<div class=\"wp-block-column is-layout-flow wp-block-column-is-layout-flow\">\n<h3 class=\"wp-block-heading\" id=\"contacto\">Contacte<\/h3>\n\n\nVols m\u00e9s informaci\u00f3 sobre Web per a restaurants amb sistema per emportar (take away)?\n\n\n\n<p><\/p><p id=\"block-803feaa3-52f5-47f0-8483-5da7a8b3d8a3\">Contacta amb nosaltres sense comprom\u00eds<br\/>T&#8217;assessorarem personalment<\/p>\n\n\n\n<p>C\/Font 16, local 5<br\/>08960 Sant Just Desvern<br\/>BARCELONA (Spain)<br\/><a href=\"tel:+34934700037\">+34 93 470 00 37<\/a><br\/><a href=\"mailto:info@empiezapori.com\">info@empiezapori.com<\/a><\/p>\n<\/div>\n\n\n\n<div class=\"wp-block-column is-layout-flow wp-block-column-is-layout-flow\">\t\t\t\t<div class = \"wp-block-uagb-cf7-styler uagb-cf7-styler__outer-wrap uagb-block-89c818f6   \">\n\t\t\t\t\t<div class = \"uagb-cf7-styler__align-left uagb-cf7-styler__field-style-underline uagb-cf7-styler__btn-align-left uagb-cf7-styler__btn-align-tablet- uagb-cf7-styler__btn-align-mobile- uagb-cf7-styler__highlight-style-default uagb-cf7-styler__check-style-enabled\">\n\t\t\t\t\t\n<div class=\"wpcf7 no-js\" id=\"wpcf7-f13083-o1\" lang=\"ca\" dir=\"ltr\" data-wpcf7-id=\"13083\">\n<div class=\"screen-reader-response\"><p role=\"status\" aria-live=\"polite\" aria-atomic=\"true\"><\/p> <ul><\/ul><\/div>\n<form action=\"\/ca\/wp-json\/wp\/v2\/pages\/17438#wpcf7-f13083-o1\" method=\"post\" class=\"wpcf7-form init\" aria-label=\"Formulari de contacte\" novalidate=\"novalidate\" data-status=\"init\">\n<fieldset class=\"hidden-fields-container\"><input type=\"hidden\" name=\"_wpcf7\" value=\"13083\" \/><input type=\"hidden\" name=\"_wpcf7_version\" value=\"6.1.5\" \/><input type=\"hidden\" name=\"_wpcf7_locale\" value=\"ca\" \/><input type=\"hidden\" name=\"_wpcf7_unit_tag\" value=\"wpcf7-f13083-o1\" \/><input type=\"hidden\" name=\"_wpcf7_container_post\" value=\"0\" \/><input type=\"hidden\" name=\"_wpcf7_posted_data_hash\" value=\"\" \/><input type=\"hidden\" name=\"_wpcf7_recaptcha_response\" value=\"\" \/>\n<\/fieldset>\n<p><label> Nom*<br \/>\n<span class=\"wpcf7-form-control-wrap\" data-name=\"nombre\"><input size=\"40\" maxlength=\"400\" class=\"wpcf7-form-control wpcf7-text wpcf7-validates-as-required\" aria-required=\"true\" aria-invalid=\"false\" placeholder=\"El teu nom\" value=\"\" type=\"text\" name=\"nombre\" \/><\/span> <\/label>\n<\/p>\n<div class=\"wp-block-columns\">\n\t<div class=\"wp-block-column\">\n\t\t<p><label> Correu electr\u00f2nic*<br \/>\n<span class=\"wpcf7-form-control-wrap\" data-name=\"email\"><input size=\"40\" maxlength=\"400\" class=\"wpcf7-form-control wpcf7-email wpcf7-validates-as-required wpcf7-text wpcf7-validates-as-email\" aria-required=\"true\" aria-invalid=\"false\" placeholder=\"El teu correu\" value=\"\" type=\"email\" name=\"email\" \/><\/span> <\/label>\n\t\t<\/p>\n\t<\/div>\n\t<div class=\"wp-block-column\">\n\t\t<p><label> Tel\u00e8fon*<br \/>\n<span class=\"wpcf7-form-control-wrap\" data-name=\"telefono\"><input size=\"40\" maxlength=\"400\" class=\"wpcf7-form-control wpcf7-tel wpcf7-validates-as-required wpcf7-text wpcf7-validates-as-tel\" aria-required=\"true\" aria-invalid=\"false\" placeholder=\"El teu tel\u00e8fon\" value=\"\" type=\"tel\" name=\"telefono\" \/><\/span> <\/label>\n\t\t<\/p>\n\t<\/div>\n<\/div>\n<p><label> Missatge<br \/>\n<span class=\"wpcf7-form-control-wrap\" data-name=\"mensaje\"><textarea cols=\"40\" rows=\"3\" maxlength=\"2000\" class=\"wpcf7-form-control wpcf7-textarea\" aria-invalid=\"false\" placeholder=\"Escriu aqu\u00ed una breu descripci\u00f3\" name=\"mensaje\"><\/textarea><\/span> <\/label><br \/>\n*Camps obligatoris\n<\/p>\n<p>El registre de la web implica l&#8217;acceptaci\u00f3 del vostre <a href=\"\/aviso-legal\/\" target=\"blank\">Av\u00eds Legal<\/a> .<br \/>\n<span class=\"wpcf7-form-control-wrap\" data-name=\"acepto\"><span class=\"wpcf7-form-control wpcf7-acceptance\"><span class=\"wpcf7-list-item\"><label><input type=\"checkbox\" name=\"acepto\" value=\"1\" aria-invalid=\"false\" \/><span class=\"wpcf7-list-item-label\">S\u00ed, Accepto*<\/span><\/label><\/span><\/span><\/span><br \/>\n<input class=\"wpcf7-form-control wpcf7-submit has-spinner\" type=\"submit\" value=\"Enviar\" \/>\n<\/p><div class=\"wpcf7-response-output\" aria-hidden=\"true\"><\/div>\n<\/form>\n<\/div>\n\t\t\t\t\t<\/div>\n\t\t\t\t<\/div>\n\t\t\t\t<\/div>\n<\/div>\n\n\n\n<p><\/p>\n<\/div><\/div>\n","protected":false},"excerpt":{"rendered":"<p>Converteix el teu restaurant en un aut\u00e8ntic take away D\u00f3na el pas i amplia el teu restaurant, aconsegueix nous clients i ofereix m\u00e9s serveis als habituals. Sense necessitat ampliar instal\u00b7lacions, ni personal, 24&#215;7. Posem a disposici\u00f3 del teu restaurant una web per poder donar servei d&#8217;enviament a domicili, eliminant o reduint les comissions a intermediaris [&hellip;]<\/p>\n","protected":false},"author":1,"featured_media":0,"parent":13104,"menu_order":0,"comment_status":"closed","ping_status":"closed","template":"","meta":{"_acf_changed":false,"_seopress_robots_primary_cat":"","_seopress_titles_title":"Converteix el teu Restaurant en un Take Away amb Woocommerce","_seopress_titles_desc":"Descobreix com convertir el teu restaurant en un servei de take away amb una web especialitzada. Elimina les comissions d&#039;intermediaris com Glovo i Uber Eats. La nostra soluci\u00f3 utilitza Woocommerce, la plataforma l\u00edder de WordPress, amb caracter\u00edstiques com a plats, m\u00e8todes d&#039;enviament, pagaments i m\u00e9s.  ","_seopress_robots_index":"","inline_featured_image":false,"_uag_custom_page_level_css":"","_kad_blocks_custom_css":"","_kad_blocks_head_custom_js":"","_kad_blocks_body_custom_js":"","_kad_blocks_footer_custom_js":"","site-sidebar-layout":"default","site-content-layout":"","ast-site-content-layout":"default","site-content-style":"default","site-sidebar-style":"default","ast-global-header-display":"","ast-banner-title-visibility":"","ast-main-header-display":"","ast-hfb-above-header-display":"","ast-hfb-below-header-display":"","ast-hfb-mobile-header-display":"","site-post-title":"","ast-breadcrumbs-content":"","ast-featured-img":"","footer-sml-layout":"","ast-disable-related-posts":"","theme-transparent-header-meta":"","adv-header-id-meta":"","stick-header-meta":"","header-above-stick-meta":"","header-main-stick-meta":"","header-below-stick-meta":"","astra-migrate-meta-layouts":"set","ast-page-background-enabled":"default","ast-page-background-meta":{"desktop":{"background-color":"","background-image":"","background-repeat":"repeat","background-position":"center center","background-size":"auto","background-attachment":"scroll","background-type":"","background-media":"","overlay-type":"","overlay-color":"","overlay-opacity":"","overlay-gradient":""},"tablet":{"background-color":"","background-image":"","background-repeat":"repeat","background-position":"center center","background-size":"auto","background-attachment":"scroll","background-type":"","background-media":"","overlay-type":"","overlay-color":"","overlay-opacity":"","overlay-gradient":""},"mobile":{"background-color":"","background-image":"","background-repeat":"repeat","background-position":"center center","background-size":"auto","background-attachment":"scroll","background-type":"","background-media":"","overlay-type":"","overlay-color":"","overlay-opacity":"","overlay-gradient":""}},"ast-content-background-meta":{"desktop":{"background-color":"var(--ast-global-color-5)","background-image":"","background-repeat":"repeat","background-position":"center center","background-size":"auto","background-attachment":"scroll","background-type":"","background-media":"","overlay-type":"","overlay-color":"","overlay-opacity":"","overlay-gradient":""},"tablet":{"background-color":"var(--ast-global-color-5)","background-image":"","background-repeat":"repeat","background-position":"center center","background-size":"auto","background-attachment":"scroll","background-type":"","background-media":"","overlay-type":"","overlay-color":"","overlay-opacity":"","overlay-gradient":""},"mobile":{"background-color":"var(--ast-global-color-5)","background-image":"","background-repeat":"repeat","background-position":"center center","background-size":"auto","background-attachment":"scroll","background-type":"","background-media":"","overlay-type":"","overlay-color":"","overlay-opacity":"","overlay-gradient":""}},"_vp_format_video_url":"","_vp_image_focal_point":[],"footnotes":""},"class_list":["post-17438","page","type-page","status-publish","hentry"],"acf":[],"taxonomy_info":[],"featured_image_src_large":false,"author_info":{"display_name":"Administrador EXI","author_link":"https:\/\/empiezapori.com\/ca\/author\/empiezapori\/"},"comment_info":0,"uagb_featured_image_src":{"full":false,"thumbnail":false,"medium":false,"medium_large":false,"large":false,"1536x1536":false,"2048x2048":false,"vp_sm":false,"vp_md":false,"vp_lg":false,"vp_xl":false,"vp_sm_popup":false,"vp_md_popup":false,"vp_xl_popup":false},"uagb_author_info":{"display_name":"Administrador EXI","author_link":"https:\/\/empiezapori.com\/ca\/author\/empiezapori\/"},"uagb_comment_info":0,"uagb_excerpt":"Converteix el teu restaurant en un aut\u00e8ntic take away D\u00f3na el pas i amplia el teu restaurant, aconsegueix nous clients i ofereix m\u00e9s serveis als habituals. Sense necessitat ampliar instal\u00b7lacions, ni personal, 24&#215;7. Posem a disposici\u00f3 del teu restaurant una web per poder donar servei d&#8217;enviament a domicili, eliminant o reduint les comissions a intermediaris&hellip;","_links":{"self":[{"href":"https:\/\/empiezapori.com\/ca\/wp-json\/wp\/v2\/pages\/17438","targetHints":{"allow":["GET"]}}],"collection":[{"href":"https:\/\/empiezapori.com\/ca\/wp-json\/wp\/v2\/pages"}],"about":[{"href":"https:\/\/empiezapori.com\/ca\/wp-json\/wp\/v2\/types\/page"}],"author":[{"embeddable":true,"href":"https:\/\/empiezapori.com\/ca\/wp-json\/wp\/v2\/users\/1"}],"replies":[{"embeddable":true,"href":"https:\/\/empiezapori.com\/ca\/wp-json\/wp\/v2\/comments?post=17438"}],"version-history":[{"count":0,"href":"https:\/\/empiezapori.com\/ca\/wp-json\/wp\/v2\/pages\/17438\/revisions"}],"up":[{"embeddable":true,"href":"https:\/\/empiezapori.com\/ca\/wp-json\/wp\/v2\/pages\/13104"}],"wp:attachment":[{"href":"https:\/\/empiezapori.com\/ca\/wp-json\/wp\/v2\/media?parent=17438"}],"curies":[{"name":"wp","href":"https:\/\/api.w.org\/{rel}","templated":true}]}}