{"id":30656,"date":"2022-07-26T12:35:07","date_gmt":"2022-07-26T10:35:07","guid":{"rendered":"https:\/\/empiezapori.com\/politica-de-privacitat\/"},"modified":"2025-02-25T13:35:14","modified_gmt":"2025-02-25T12:35:14","slug":"politica-de-privacitat","status":"publish","type":"page","link":"https:\/\/empiezapori.com\/ca\/politica-de-privacitat\/","title":{"rendered":"Pol\u00edtica de Privacitat"},"content":{"rendered":"\n<div class=\"wp-block-uagb-container uagb-block-91a9fdad alignfull uagb-is-root-container\"><div class=\"uagb-container-inner-blocks-wrap\">\n<p><strong><u>POL\u00cdTICA DE PRIVACITAT DE LA WEB<\/u><\/strong><\/p>\n\n\nhttps:\/\/empiezapori.com\n\n\n\n<p>EMPIEZAPORI, SL garanteix la privadesa de les dades de car\u00e0cter personal aportades, segons el Reglament General de Protecci\u00f3 de Dades (RGPD).<\/p>\n\n\n\n<p>La visita a aquesta p\u00e0gina web no suposa que l&#8217;usuari estigui obligat a facilitar cap informaci\u00f3 sobre si mateix, per\u00f2 durant la visita \u00e9s possible que se sol\u00b7licitin dades de car\u00e0cter personal a trav\u00e9s de formularis.<\/p>\n\n\n\n<p>Aquestes dades seran incorporades a un fitxer responsabilitat de EMPIEZAPORI, SL i seran utilitzades per a les seg\u00fcents finalitats; contestar les sol\u00b7licituds realitzades per la seva banda, per enviar-los informaci\u00f3 de la nostra empresa i serveis sol\u00b7licitats o oferts per qualsevol mitj\u00e0 de comunicaci\u00f3. Per donar compliment a les sol\u00b7licituds, l&#8217;interessat autoritza EMPIEZAPORI, SL a cedir les seves dades a les empreses associades o col\u00b7laboradores amb les quals hi ha contractes de prestaci\u00f3 de serveis relacionats amb l&#8217;activitat, com estipula la normativa vigent als articles 10, 11 i 12 del RGPD, amb la finalitat de prestar un servei adequat en base a les peticions realitzades per vost\u00e8. En enviar-nos<br\/>aquest formulari, vost\u00e8 est\u00e0 acceptant expl\u00edcitament la recepci\u00f3 i tractament dels mateixos per a les finalitats expressades. Aquestes dades es cancel\u00b7laran a petici\u00f3 seva o una vegada satisfeta la finalitat per a la qual van ser recollides.<\/p>\n\n\n\n<p><strong>Com exercitar els drets:<\/strong> Els usuaris poden dirigir una comunicaci\u00f3 per escrit a EMPIEZAPORI, SL amb domicili al C\/ FONT 16, 08960 SANT JUST DESVERN, BARCELONA, oa l&#8217;adre\u00e7a de correu electr\u00f2nic INFO@EMPIEZAPORI.COM incloent en ambd\u00f3s casos una fotoc\u00f2pia del seu DNI o altre document identificatiu<\/p>\n\n\n\n<ul class=\"wp-block-list\">\n<li>Dret a sol\u00b7licitar l&#8217;acc\u00e9s a les dades personals: podreu preguntar a EMPIEZAPORI, SL si aquesta empresa est\u00e0 tractant les vostres dades.<\/li>\n\n\n\n<li>Dret a sol\u00b7licitar-ne la rectificaci\u00f3 (en el cas que siguin incorrectes) o supressi\u00f3.<\/li>\n\n\n\n<li>Dret a sol\u00b7licitar la limitaci\u00f3 del seu tractament, cas en qu\u00e8 \u00fanicament seran conservats per EMPIEZAPORI, SL per a l&#8217;exercici o la defensa de reclamacions.<\/li>\n\n\n\n<li>Dret a oposar-se al tractament: EMPIEZAPORI, SL deixar\u00e0 de tractar les dades en la forma que indiqueu, llevat que per motius leg\u00edtims imperiosos o l&#8217;exercici o la defensa de possibles reclamacions s&#8217;hagin de seguir tractant.<\/li>\n\n\n\n<li>Dret a la portabilitat de les dades: en cas que vulgui que les vostres dades siguin tractades per una altra signatura, EMPIEZAPORI, SL us facilitar\u00e0 la portabilitat de les vostres dades al nou responsable.<\/li>\n<\/ul>\n\n\n\n<p><strong>Possibilitat de retirar el consentiment:<\/strong> en cas que s&#8217;hagi atorgat el consentiment per a alguna finalitat espec\u00edfica, vost\u00e8 t\u00e9 dret a retirar el consentiment en qualsevol moment, sense que aix\u00f2 afecti la licitud del tractament basat en el consentiment previ a la seva retirada. <\/p>\n\n\n\n<p><strong>Com reclamar davant l&#8217;Autoritat de Control: <\/strong>Si un usuari considera que hi ha un problema amb la manera com EMPIEZAPORI, SL est\u00e0 manejant les seves dades, pot dirigir les seves reclamacions a l&#8217;autoritat de protecci\u00f3 de dades que correspongui, i l&#8217;Ag\u00e8ncia Espanyola de Protecci\u00f3 de Dades \u00e9s la indicada en el cas d&#8217;Espanya.<\/p>\n\n\n\n<p>La negativa a proporcionar les dades suposar\u00e0 la no-prestaci\u00f3 o la impossibilitat d&#8217;accedir al servei per als quals eren sol\u00b7licitats. Teniu dret a rebre resposta a qualsevol pregunta, consulta o aclariment que us sorgeixi derivada d&#8217;aquest formulari.<\/p>\n\n\n\n<p>Les parts se sotmeten, a la seva elecci\u00f3, per a la resoluci\u00f3 dels conflictes i amb ren\u00fancia a qualsevol altre fur, als jutjats i tribunals del domicili del propietari del lloc web.<\/p>\n<\/div><\/div>\n\n<div style=\"height:80px\" aria-hidden=\"true\" class=\"wp-block-spacer\"><\/div>\n","protected":false},"excerpt":{"rendered":"<p>POL\u00cdTICA DE PRIVACITAT DE LA WEB EMPIEZAPORI, SL garanteix la privadesa de les dades de car\u00e0cter personal aportades, segons el Reglament General de Protecci\u00f3 de Dades (RGPD). La visita a aquesta p\u00e0gina web no suposa que l&#8217;usuari estigui obligat a facilitar cap informaci\u00f3 sobre si mateix, per\u00f2 durant la visita \u00e9s possible que se sol\u00b7licitin [&hellip;]<\/p>\n","protected":false},"author":1,"featured_media":0,"parent":0,"menu_order":0,"comment_status":"closed","ping_status":"closed","template":"","meta":{"_acf_changed":false,"_seopress_robots_primary_cat":"","_seopress_titles_title":"","_seopress_titles_desc":"","_seopress_robots_index":"yes","inline_featured_image":false,"_uag_custom_page_level_css":"","_kad_blocks_custom_css":"","_kad_blocks_head_custom_js":"","_kad_blocks_body_custom_js":"","_kad_blocks_footer_custom_js":"","site-sidebar-layout":"default","site-content-layout":"default","ast-site-content-layout":"default","site-content-style":"default","site-sidebar-style":"default","ast-global-header-display":"","ast-banner-title-visibility":"","ast-main-header-display":"","ast-hfb-above-header-display":"","ast-hfb-below-header-display":"","ast-hfb-mobile-header-display":"","site-post-title":"","ast-breadcrumbs-content":"","ast-featured-img":"","footer-sml-layout":"","ast-disable-related-posts":"","theme-transparent-header-meta":"default","adv-header-id-meta":"","stick-header-meta":"default","header-above-stick-meta":"","header-main-stick-meta":"","header-below-stick-meta":"","astra-migrate-meta-layouts":"default","ast-page-background-enabled":"default","ast-page-background-meta":{"desktop":{"background-color":"","background-image":"","background-repeat":"repeat","background-position":"center center","background-size":"auto","background-attachment":"scroll","background-type":"","background-media":"","overlay-type":"","overlay-color":"","overlay-opacity":"","overlay-gradient":""},"tablet":{"background-color":"","background-image":"","background-repeat":"repeat","background-position":"center center","background-size":"auto","background-attachment":"scroll","background-type":"","background-media":"","overlay-type":"","overlay-color":"","overlay-opacity":"","overlay-gradient":""},"mobile":{"background-color":"","background-image":"","background-repeat":"repeat","background-position":"center center","background-size":"auto","background-attachment":"scroll","background-type":"","background-media":"","overlay-type":"","overlay-color":"","overlay-opacity":"","overlay-gradient":""}},"ast-content-background-meta":{"desktop":{"background-color":"var(--ast-global-color-5)","background-image":"","background-repeat":"repeat","background-position":"center center","background-size":"auto","background-attachment":"scroll","background-type":"","background-media":"","overlay-type":"","overlay-color":"","overlay-opacity":"","overlay-gradient":""},"tablet":{"background-color":"var(--ast-global-color-5)","background-image":"","background-repeat":"repeat","background-position":"center center","background-size":"auto","background-attachment":"scroll","background-type":"","background-media":"","overlay-type":"","overlay-color":"","overlay-opacity":"","overlay-gradient":""},"mobile":{"background-color":"var(--ast-global-color-5)","background-image":"","background-repeat":"repeat","background-position":"center center","background-size":"auto","background-attachment":"scroll","background-type":"","background-media":"","overlay-type":"","overlay-color":"","overlay-opacity":"","overlay-gradient":""}},"_vp_format_video_url":"","_vp_image_focal_point":[],"footnotes":""},"class_list":["post-30656","page","type-page","status-publish","hentry"],"acf":[],"taxonomy_info":[],"featured_image_src_large":false,"author_info":{"display_name":"Administrador EXI","author_link":"https:\/\/empiezapori.com\/ca\/author\/empiezapori\/"},"comment_info":0,"uagb_featured_image_src":{"full":false,"thumbnail":false,"medium":false,"medium_large":false,"large":false,"1536x1536":false,"2048x2048":false,"vp_sm":false,"vp_md":false,"vp_lg":false,"vp_xl":false,"vp_sm_popup":false,"vp_md_popup":false,"vp_xl_popup":false},"uagb_author_info":{"display_name":"Administrador EXI","author_link":"https:\/\/empiezapori.com\/ca\/author\/empiezapori\/"},"uagb_comment_info":0,"uagb_excerpt":"POL\u00cdTICA DE PRIVACITAT DE LA WEB EMPIEZAPORI, SL garanteix la privadesa de les dades de car\u00e0cter personal aportades, segons el Reglament General de Protecci\u00f3 de Dades (RGPD). La visita a aquesta p\u00e0gina web no suposa que l&#8217;usuari estigui obligat a facilitar cap informaci\u00f3 sobre si mateix, per\u00f2 durant la visita \u00e9s possible que se sol\u00b7licitin&hellip;","_links":{"self":[{"href":"https:\/\/empiezapori.com\/ca\/wp-json\/wp\/v2\/pages\/30656","targetHints":{"allow":["GET"]}}],"collection":[{"href":"https:\/\/empiezapori.com\/ca\/wp-json\/wp\/v2\/pages"}],"about":[{"href":"https:\/\/empiezapori.com\/ca\/wp-json\/wp\/v2\/types\/page"}],"author":[{"embeddable":true,"href":"https:\/\/empiezapori.com\/ca\/wp-json\/wp\/v2\/users\/1"}],"replies":[{"embeddable":true,"href":"https:\/\/empiezapori.com\/ca\/wp-json\/wp\/v2\/comments?post=30656"}],"version-history":[{"count":0,"href":"https:\/\/empiezapori.com\/ca\/wp-json\/wp\/v2\/pages\/30656\/revisions"}],"wp:attachment":[{"href":"https:\/\/empiezapori.com\/ca\/wp-json\/wp\/v2\/media?parent=30656"}],"curies":[{"name":"wp","href":"https:\/\/api.w.org\/{rel}","templated":true}]}}