{"id":30773,"date":"2021-01-19T09:31:10","date_gmt":"2021-01-19T08:31:10","guid":{"rendered":"https:\/\/empiezapori.com\/politica-de-cookies-ue\/"},"modified":"2025-02-25T13:35:13","modified_gmt":"2025-02-25T12:35:13","slug":"politica-de-cookies","status":"publish","type":"page","link":"https:\/\/empiezapori.com\/ca\/politica-de-cookies\/","title":{"rendered":"Pol\u00edtica de cookies"},"content":{"rendered":"\n<style>\n    a.cky-bannerelement {\n        padding: 8px 30px;\n        background: #F8F9FA;\n        color: #858A8F;\n        border: 1px solid #DEE2E6;\n        box-sizing: border-box;\n        border-radius: 2px;\n        cursor: pointer;\n}\n<\/style>\n<p>\n \u00daltima actualitzaci\u00f3: 22-abr-2024\n<\/p>\n\n \n<h5>Qu\u00e8 s\u00f3n les galetes?<\/h5>\n<div class=\"cookie-policy-p\"><p>Aquesta Pol\u00edtica de galetes explica qu\u00e8 s\u00f3n les galetes i com les fem servir, els tipus de galetes que utilitzem, \u00e9s a dir, la informaci\u00f3 que recopilem mitjan\u00e7ant galetes i com s&#8217;usa aquesta informaci\u00f3, i com administrar la configuraci\u00f3 de les galetes.<\/p> <p>Les galetes s\u00f3n petits fitxers de text que s&#8217;utilitzen per emmagatzemar petits fragments d&#8217;informaci\u00f3. S&#8217;emmagatzemen al dispositiu quan el lloc web es carrega al navegador. Aquestes cookies ens ajuden a fer que el lloc web funcioni correctament, fer-lo m\u00e9s segur, brindar una millor experi\u00e8ncia d&#8217;usuari i comprendre com funciona el lloc web i analitzar qu\u00e8 funciona i on necessita millorar.<\/p><\/div>\n\n \n<h5>Com fem servir les galetes?<\/h5>\n<div class=\"cookie-policy-p\"><p>Com la majoria dels serveis en l\u00ednia, el nostre lloc web utilitza cookies pr\u00f2pies i de tercers per a diversos prop\u00f2sits. Les galetes d&#8217;origen s\u00f3n principalment necess\u00e0ries perqu\u00e8 el lloc web funcioni correctament i no recopilen cap de les vostres dades d&#8217;identificaci\u00f3 personal.<\/p> <p>Les galetes de tercers utilitzades al nostre lloc web s\u00f3n principalment per comprendre com funciona funciona el lloc web, com interactua amb el nostre lloc web, mant\u00e9 els nostres serveis segurs, proporciona anuncis que siguin rellevants per a vost\u00e8 i, en general, us brinda una experi\u00e8ncia d&#8217;usuari millor i lajuda a accelerar les seves interaccions futures amb el nostre lloc web.<\/p><\/div>\n\n \n    <h5>Pol\u00edtica de Cookies (UE)<\/h5>\n\n    <div class=\"cky-audit-table-element\"><\/div>\n\n \n    <h5 style=\"margin-bottom:20px;\">Administrar prefer\u00e8ncies de cookies<\/h5>\n\n    <a class=\"cky-banner-element\">Configuraci\u00f3 de galetes<\/a> <br\/>\n    <div><p>Podeu canviar les vostres prefer\u00e8ncies de cookies en qualsevol moment fent clic al bot\u00f3 de dalt. Aix\u00f2 us permetr\u00e0 tornar a visitar el banner de consentiment de cookies i canviar les vostres prefer\u00e8ncies o retirar el vostre consentiment immediatament.<\/p><p>A m\u00e9s d&#8217;aix\u00f2, diferents navegadors ofereixen diferents m\u00e8todes per bloquejar i eliminar les galetes utilitzades pels llocs web. Podeu canviar la configuraci\u00f3 del vostre navegador per bloquejar\/eliminar les cookies. A continuaci\u00f3 s&#8217;enumeren els enlla\u00e7os als documents de suport sobre com administrar i eliminar galetes dels principals navegadors web.<\/p><p>Chrome: https:\/\/support.google.com\/accounts\/answer\/32050<\/p><p>Safari: https:\/\/support.apple.com\/en-in\/guide\/safari\/sfri11471\/mac<\/p><p>Firefox: https:\/\/support.mozilla.org\/en-US\/kb\/clear-cookies-and-site-data-firefox?redirectslug=delete-cookies-remove-info-websites-stored&#038;redirectlocale=en-US<\/p><p>Internet Explorer: https:\/\/support.microsoft.com\/en-us\/topic\/how-to-delete-cookie-files-in-internet-explorer-bca9446f-d873-78de-77ba-d42645fa52fc<\/p><p>Si utilitzeu qualsevol altre navegador web, visiteu els documents de suport oficials del vostre navegador.<\/p><\/div>\n\n\n \n<p class=\"cookie-policy-p\">\n Pol\u00edtica de cookies generada per <a target=\"_blank\" href=\"https:\/\/www.cookieyes.com\/?utm_source=CP&#038;utm_medium=footer&#038;utm_campaign=UW\" rel=\"noopener\">CookieYes &#8211; Generador de pol\u00edtiques de cookies<\/a>.\n<\/p>\n\n<div style=\"height:80px\" aria-hidden=\"true\" class=\"wp-block-spacer\"><\/div>\n","protected":false},"excerpt":{"rendered":"<p>\u00daltima actualitzaci\u00f3: 22-abr-2024 Qu\u00e8 s\u00f3n les galetes? Aquesta Pol\u00edtica de galetes explica qu\u00e8 s\u00f3n les galetes i com les fem servir, els tipus de galetes que utilitzem, \u00e9s a dir, la informaci\u00f3 que recopilem mitjan\u00e7ant galetes i com s&#8217;usa aquesta informaci\u00f3, i com administrar la configuraci\u00f3 de les galetes. Les galetes s\u00f3n petits fitxers de [&hellip;]<\/p>\n","protected":false},"author":1,"featured_media":0,"parent":0,"menu_order":0,"comment_status":"closed","ping_status":"closed","template":"","meta":{"_acf_changed":false,"_seopress_robots_primary_cat":"","_seopress_titles_title":"","_seopress_titles_desc":"","_seopress_robots_index":"yes","inline_featured_image":false,"_uag_custom_page_level_css":"","_kad_blocks_custom_css":"","_kad_blocks_head_custom_js":"","_kad_blocks_body_custom_js":"","_kad_blocks_footer_custom_js":"","site-sidebar-layout":"default","site-content-layout":"default","ast-site-content-layout":"default","site-content-style":"default","site-sidebar-style":"default","ast-global-header-display":"","ast-banner-title-visibility":"","ast-main-header-display":"","ast-hfb-above-header-display":"","ast-hfb-below-header-display":"","ast-hfb-mobile-header-display":"","site-post-title":"","ast-breadcrumbs-content":"","ast-featured-img":"","footer-sml-layout":"","ast-disable-related-posts":"","theme-transparent-header-meta":"default","adv-header-id-meta":"","stick-header-meta":"default","header-above-stick-meta":"","header-main-stick-meta":"","header-below-stick-meta":"","astra-migrate-meta-layouts":"default","ast-page-background-enabled":"default","ast-page-background-meta":{"desktop":{"background-color":"","background-image":"","background-repeat":"repeat","background-position":"center center","background-size":"auto","background-attachment":"scroll","background-type":"","background-media":"","overlay-type":"","overlay-color":"","overlay-opacity":"","overlay-gradient":""},"tablet":{"background-color":"","background-image":"","background-repeat":"repeat","background-position":"center center","background-size":"auto","background-attachment":"scroll","background-type":"","background-media":"","overlay-type":"","overlay-color":"","overlay-opacity":"","overlay-gradient":""},"mobile":{"background-color":"","background-image":"","background-repeat":"repeat","background-position":"center center","background-size":"auto","background-attachment":"scroll","background-type":"","background-media":"","overlay-type":"","overlay-color":"","overlay-opacity":"","overlay-gradient":""}},"ast-content-background-meta":{"desktop":{"background-color":"var(--ast-global-color-5)","background-image":"","background-repeat":"repeat","background-position":"center center","background-size":"auto","background-attachment":"scroll","background-type":"","background-media":"","overlay-type":"","overlay-color":"","overlay-opacity":"","overlay-gradient":""},"tablet":{"background-color":"var(--ast-global-color-5)","background-image":"","background-repeat":"repeat","background-position":"center center","background-size":"auto","background-attachment":"scroll","background-type":"","background-media":"","overlay-type":"","overlay-color":"","overlay-opacity":"","overlay-gradient":""},"mobile":{"background-color":"var(--ast-global-color-5)","background-image":"","background-repeat":"repeat","background-position":"center center","background-size":"auto","background-attachment":"scroll","background-type":"","background-media":"","overlay-type":"","overlay-color":"","overlay-opacity":"","overlay-gradient":""}},"_vp_format_video_url":"","_vp_image_focal_point":[],"footnotes":""},"class_list":["post-30773","page","type-page","status-publish","hentry"],"acf":[],"taxonomy_info":[],"featured_image_src_large":false,"author_info":{"display_name":"Administrador EXI","author_link":"https:\/\/empiezapori.com\/ca\/author\/empiezapori\/"},"comment_info":0,"uagb_featured_image_src":{"full":false,"thumbnail":false,"medium":false,"medium_large":false,"large":false,"1536x1536":false,"2048x2048":false,"vp_sm":false,"vp_md":false,"vp_lg":false,"vp_xl":false,"vp_sm_popup":false,"vp_md_popup":false,"vp_xl_popup":false},"uagb_author_info":{"display_name":"Administrador EXI","author_link":"https:\/\/empiezapori.com\/ca\/author\/empiezapori\/"},"uagb_comment_info":0,"uagb_excerpt":"\u00daltima actualitzaci\u00f3: 22-abr-2024 Qu\u00e8 s\u00f3n les galetes? Aquesta Pol\u00edtica de galetes explica qu\u00e8 s\u00f3n les galetes i com les fem servir, els tipus de galetes que utilitzem, \u00e9s a dir, la informaci\u00f3 que recopilem mitjan\u00e7ant galetes i com s&#8217;usa aquesta informaci\u00f3, i com administrar la configuraci\u00f3 de les galetes. Les galetes s\u00f3n petits fitxers de&hellip;","_links":{"self":[{"href":"https:\/\/empiezapori.com\/ca\/wp-json\/wp\/v2\/pages\/30773","targetHints":{"allow":["GET"]}}],"collection":[{"href":"https:\/\/empiezapori.com\/ca\/wp-json\/wp\/v2\/pages"}],"about":[{"href":"https:\/\/empiezapori.com\/ca\/wp-json\/wp\/v2\/types\/page"}],"author":[{"embeddable":true,"href":"https:\/\/empiezapori.com\/ca\/wp-json\/wp\/v2\/users\/1"}],"replies":[{"embeddable":true,"href":"https:\/\/empiezapori.com\/ca\/wp-json\/wp\/v2\/comments?post=30773"}],"version-history":[{"count":0,"href":"https:\/\/empiezapori.com\/ca\/wp-json\/wp\/v2\/pages\/30773\/revisions"}],"wp:attachment":[{"href":"https:\/\/empiezapori.com\/ca\/wp-json\/wp\/v2\/media?parent=30773"}],"curies":[{"name":"wp","href":"https:\/\/api.w.org\/{rel}","templated":true}]}}