{"id":37708,"date":"2021-01-25T09:46:55","date_gmt":"2021-01-25T08:46:55","guid":{"rendered":"https:\/\/empiezapori.com\/model-clausules-per-a-pressupostos\/"},"modified":"2025-02-25T14:40:34","modified_gmt":"2025-02-25T13:40:34","slug":"model-clausules-per-a-pressupostos","status":"publish","type":"page","link":"https:\/\/empiezapori.com\/ca\/model-clausules-per-a-pressupostos\/","title":{"rendered":"Model cl\u00e0usules per a pressupostos"},"content":{"rendered":"\n<p>En compliment del que estableix la normativa vigent en mat\u00e8ria de Protecci\u00f3 de Dades de Car\u00e0cter Personal, us comuniquem les dades facilitades s&#8217;incorporen i s\u00f3n tractades sota la responsabilitat d&#8217;EMPIEZAPORI, SL amb CIF B62778865 i domicili social al C\/ FONT 16, 08960 SANT JUST DESVERN, BARCELONA sent cancel\u00b7lat.<\/p>\n\n<p>La recollida i tractament de les Dades de Car\u00e0cter Personal t\u00e9 com a finalitat poder-li prestar els serveis sol\u00b7licitats en aquest pressupost, aix\u00ed com el manteniment de la relaci\u00f3 contractual que si s&#8217;escau s&#8217;estableixi EMPIEZAPORI, SL. A m\u00e9s, es podran utilitzar les dades facilitades per mantenir-lo informat de novetats comercials i diferents ofertes promocionals. Excepte indicaci\u00f3 en contra, d\u00f3na el seu consentiment expr\u00e9s perqu\u00e8 es puguin utilitzar les seves dades amb les finalitats indicades m\u00e9s amunt.  <\/p>\n\n<p>Les dades facilitades podran ser comunicades en cas necessari a administracions p\u00fabliques i qualsevol altra entitat encarregada de tractament per poder complir els serveis contractats.<\/p>\n\n<p>EMPIEZAPORI, SL es compromet a tractar les seves dades de forma lleial, transparent, adequada, pertinent, limitada, exacta i actualitzada ia no comunicar o cedir aquesta informaci\u00f3 a tercers, exceptuant que aquesta comunicaci\u00f3 sigui necess\u00e0ria o pugui suposar una millora per a la prestaci\u00f3 dels serveis contractats tal com s&#8217;indica al par\u00e0graf anterior.<\/p>\n\n<p>La ren\u00fancia a autoritzar aquest tractament comportaria la impossibilitat de complir amb els serveis a qu\u00e8 es refereix aquest contracte.<\/p>\n\n<p>Aix\u00ed mateix, us informem de la possibilitat que teniu d&#8217;exercir els drets d&#8217;acc\u00e9s, rectificaci\u00f3, supressi\u00f3, oposici\u00f3, limitaci\u00f3 del tractament i portabilitat mitjan\u00e7ant escrit dirigit al C\/ FONT 16, 08960 SANT JUST DESVERN, BARCELONA, o b\u00e9 al correu electr\u00f2nic <a href=\"mailto:info@empiezapori.com\">info@empiezapori.com<\/a>. <\/p>\n\n<p>Per acabar, EMPIEZAPORI, SL posa en coneixement les dades de contacte del Delegat de Protecci\u00f3 de Dades de l&#8217;empresa, tant el correu electr\u00f2nic info@normatiza.es com el tel\u00e8fon 663 611 822.<\/p>\n\n<div style=\"height:80px\" aria-hidden=\"true\" class=\"wp-block-spacer\"><\/div>\n","protected":false},"excerpt":{"rendered":"<p>En compliment del que estableix la normativa vigent en mat\u00e8ria de Protecci\u00f3 de Dades de Car\u00e0cter Personal, us comuniquem les dades facilitades s&#8217;incorporen i s\u00f3n tractades sota la responsabilitat d&#8217;EMPIEZAPORI, SL amb CIF B62778865 i domicili social al C\/ FONT 16, 08960 SANT JUST DESVERN, BARCELONA sent cancel\u00b7lat. La recollida i tractament de les Dades [&hellip;]<\/p>\n","protected":false},"author":1,"featured_media":0,"parent":0,"menu_order":200,"comment_status":"closed","ping_status":"closed","template":"","meta":{"_acf_changed":false,"_seopress_robots_primary_cat":"","_seopress_titles_title":"","_seopress_titles_desc":"","_seopress_robots_index":"yes","inline_featured_image":false,"_uag_custom_page_level_css":"","_kad_blocks_custom_css":"","_kad_blocks_head_custom_js":"","_kad_blocks_body_custom_js":"","_kad_blocks_footer_custom_js":"","site-sidebar-layout":"default","site-content-layout":"default","ast-site-content-layout":"default","site-content-style":"default","site-sidebar-style":"default","ast-global-header-display":"","ast-banner-title-visibility":"","ast-main-header-display":"","ast-hfb-above-header-display":"","ast-hfb-below-header-display":"","ast-hfb-mobile-header-display":"","site-post-title":"disabled","ast-breadcrumbs-content":"","ast-featured-img":"","footer-sml-layout":"","ast-disable-related-posts":"","theme-transparent-header-meta":"default","adv-header-id-meta":"","stick-header-meta":"default","header-above-stick-meta":"","header-main-stick-meta":"","header-below-stick-meta":"","astra-migrate-meta-layouts":"default","ast-page-background-enabled":"default","ast-page-background-meta":{"desktop":{"background-color":"","background-image":"","background-repeat":"repeat","background-position":"center center","background-size":"auto","background-attachment":"scroll","background-type":"","background-media":"","overlay-type":"","overlay-color":"","overlay-opacity":"","overlay-gradient":""},"tablet":{"background-color":"","background-image":"","background-repeat":"repeat","background-position":"center center","background-size":"auto","background-attachment":"scroll","background-type":"","background-media":"","overlay-type":"","overlay-color":"","overlay-opacity":"","overlay-gradient":""},"mobile":{"background-color":"","background-image":"","background-repeat":"repeat","background-position":"center center","background-size":"auto","background-attachment":"scroll","background-type":"","background-media":"","overlay-type":"","overlay-color":"","overlay-opacity":"","overlay-gradient":""}},"ast-content-background-meta":{"desktop":{"background-color":"var(--ast-global-color-5)","background-image":"","background-repeat":"repeat","background-position":"center center","background-size":"auto","background-attachment":"scroll","background-type":"","background-media":"","overlay-type":"","overlay-color":"","overlay-opacity":"","overlay-gradient":""},"tablet":{"background-color":"var(--ast-global-color-5)","background-image":"","background-repeat":"repeat","background-position":"center center","background-size":"auto","background-attachment":"scroll","background-type":"","background-media":"","overlay-type":"","overlay-color":"","overlay-opacity":"","overlay-gradient":""},"mobile":{"background-color":"var(--ast-global-color-5)","background-image":"","background-repeat":"repeat","background-position":"center center","background-size":"auto","background-attachment":"scroll","background-type":"","background-media":"","overlay-type":"","overlay-color":"","overlay-opacity":"","overlay-gradient":""}},"_vp_format_video_url":"","_vp_image_focal_point":[],"footnotes":""},"class_list":["post-37708","page","type-page","status-publish","hentry"],"acf":[],"taxonomy_info":[],"featured_image_src_large":false,"author_info":{"display_name":"Administrador EXI","author_link":"https:\/\/empiezapori.com\/ca\/author\/empiezapori\/"},"comment_info":0,"uagb_featured_image_src":{"full":false,"thumbnail":false,"medium":false,"medium_large":false,"large":false,"1536x1536":false,"2048x2048":false,"vp_sm":false,"vp_md":false,"vp_lg":false,"vp_xl":false,"vp_sm_popup":false,"vp_md_popup":false,"vp_xl_popup":false},"uagb_author_info":{"display_name":"Administrador EXI","author_link":"https:\/\/empiezapori.com\/ca\/author\/empiezapori\/"},"uagb_comment_info":0,"uagb_excerpt":"En compliment del que estableix la normativa vigent en mat\u00e8ria de Protecci\u00f3 de Dades de Car\u00e0cter Personal, us comuniquem les dades facilitades s&#8217;incorporen i s\u00f3n tractades sota la responsabilitat d&#8217;EMPIEZAPORI, SL amb CIF B62778865 i domicili social al C\/ FONT 16, 08960 SANT JUST DESVERN, BARCELONA sent cancel\u00b7lat. La recollida i tractament de les Dades&hellip;","_links":{"self":[{"href":"https:\/\/empiezapori.com\/ca\/wp-json\/wp\/v2\/pages\/37708","targetHints":{"allow":["GET"]}}],"collection":[{"href":"https:\/\/empiezapori.com\/ca\/wp-json\/wp\/v2\/pages"}],"about":[{"href":"https:\/\/empiezapori.com\/ca\/wp-json\/wp\/v2\/types\/page"}],"author":[{"embeddable":true,"href":"https:\/\/empiezapori.com\/ca\/wp-json\/wp\/v2\/users\/1"}],"replies":[{"embeddable":true,"href":"https:\/\/empiezapori.com\/ca\/wp-json\/wp\/v2\/comments?post=37708"}],"version-history":[{"count":0,"href":"https:\/\/empiezapori.com\/ca\/wp-json\/wp\/v2\/pages\/37708\/revisions"}],"wp:attachment":[{"href":"https:\/\/empiezapori.com\/ca\/wp-json\/wp\/v2\/media?parent=37708"}],"curies":[{"name":"wp","href":"https:\/\/api.w.org\/{rel}","templated":true}]}}